{"id":570,"date":"2025-05-22T17:58:51","date_gmt":"2025-05-22T09:58:51","guid":{"rendered":"http:\/\/47.239.176.210:21080\/?page_id=570"},"modified":"2025-07-25T14:36:46","modified_gmt":"2025-07-25T06:36:46","slug":"how-to-install-transyncai-on-windows","status":"publish","type":"page","link":"https:\/\/www.transyncai.com\/tr\/how-to-install-transyncai-on-windows\/","title":{"rendered":"Windows i\u015fletim sistemi y\u00f6netimi"},"content":{"rendered":"<div id=\"fws_69e467207a8e9\"  data-column-margin=\"default\" data-midnight=\"dark\"  class=\"wpb_row vc_row-fluid vc_row\"  style=\"padding-top: 0px; padding-bottom: 0px; \"><div class=\"row-bg-wrap\" data-bg-animation=\"none\" data-bg-animation-delay=\"\" data-bg-overlay=\"false\"><div class=\"inner-wrap row-bg-layer\" ><div class=\"row-bg viewport-desktop\"  style=\"\"><\/div><\/div><\/div><div class=\"row_col_wrap_12 col span_12 dark left\">\n\t<div  class=\"vc_col-sm-12 wpb_column column_container vc_column_container col no-extra-padding inherit_tablet inherit_phone\"  data-padding-pos=\"all\" data-has-bg-color=\"false\" data-bg-color=\"\" data-bg-opacity=\"1\" data-animation=\"\" data-delay=\"0\" >\n\t\t<div class=\"vc_column-inner\" >\n\t\t\t<div class=\"wpb_wrapper\">\n\t\t\t\t<div class=\"nectar-split-heading\" data-align=\"center\" data-m-align=\"inherit\" data-text-effect=\"default\" data-animation-type=\"line-reveal-by-space\" data-animation-delay=\"0\" data-animation-offset=\"\" data-m-rm-animation=\"\" data-stagger=\"\" data-custom-font-size=\"false\" ><h3 >\u8bf7\u653e\u5fc3 \uff0c\u7f51\u7ad9\u6ca1\u6709\u75c5\u6bd2\uff0c\u63d0\u793a\u98ce\u9669\u662f\u5e38\u89c1\u7684EV\u8ba4\u8bc1\u95ee\u9898<\/h3><\/div><div class=\"nectar-split-heading\" data-align=\"center\" data-m-align=\"inherit\" data-text-effect=\"default\" data-animation-type=\"line-reveal-by-space\" data-animation-delay=\"0\" data-animation-offset=\"\" data-m-rm-animation=\"\" data-stagger=\"\" data-custom-font-size=\"false\" ><h3 >1.\u9996\u5148,\u70b9\u51fb\u5b98\u7f51\u53f3\u4e0a\u89d2\u7684\u4e0b\u8f7d\u6309\u94ae<\/h3><\/div><div class=\"img-with-aniamtion-wrap center\" data-max-width=\"100%\" data-max-width-mobile=\"default\" data-shadow=\"none\" data-animation=\"none\" >\n      <div class=\"inner\">\n        <div class=\"hover-wrap\"> \n          <div class=\"hover-wrap-inner\">\n            <img loading=\"lazy\" decoding=\"async\" class=\"img-with-animation skip-lazy\" data-delay=\"0\" height=\"1376\" width=\"2560\" data-animation=\"none\" src=\"https:\/\/www.transyncai.com\/wp-content\/uploads\/2025\/05\/\u5fae\u4fe1\u622a\u56fe_20250522174052-scaled.jpg\" alt=\"\" srcset=\"https:\/\/www.transyncai.com\/wp-content\/uploads\/2025\/05\/\u5fae\u4fe1\u622a\u56fe_20250522174052-scaled.jpg 2560w, https:\/\/www.transyncai.com\/wp-content\/uploads\/2025\/05\/\u5fae\u4fe1\u622a\u56fe_20250522174052-300x161.jpg 300w, https:\/\/www.transyncai.com\/wp-content\/uploads\/2025\/05\/\u5fae\u4fe1\u622a\u56fe_20250522174052-1024x550.jpg 1024w, https:\/\/www.transyncai.com\/wp-content\/uploads\/2025\/05\/\u5fae\u4fe1\u622a\u56fe_20250522174052-768x413.jpg 768w, https:\/\/www.transyncai.com\/wp-content\/uploads\/2025\/05\/\u5fae\u4fe1\u622a\u56fe_20250522174052-1536x825.jpg 1536w, https:\/\/www.transyncai.com\/wp-content\/uploads\/2025\/05\/\u5fae\u4fe1\u622a\u56fe_20250522174052-2048x1101.jpg 2048w, https:\/\/www.transyncai.com\/wp-content\/uploads\/2025\/05\/\u5fae\u4fe1\u622a\u56fe_20250522174052-18x10.jpg 18w\" sizes=\"auto, (max-width: 2560px) 100vw, 2560px\" \/>\n          <\/div>\n        <\/div>\n        \n      <\/div>\n    <\/div><div class=\"nectar-split-heading\" data-align=\"center\" data-m-align=\"inherit\" data-text-effect=\"default\" data-animation-type=\"line-reveal-by-space\" data-animation-delay=\"0\" data-animation-offset=\"\" data-m-rm-animation=\"\" data-stagger=\"\" data-custom-font-size=\"false\" ><h3 >2. Windows i\u015fletim sistemini \u00e7al\u0131\u015ft\u0131r<\/h3><\/div><div class=\"img-with-aniamtion-wrap center\" data-max-width=\"100%\" data-max-width-mobile=\"default\" data-shadow=\"none\" data-animation=\"none\" >\n      <div class=\"inner\">\n        <div class=\"hover-wrap\"> \n          <div class=\"hover-wrap-inner\">\n            <img loading=\"lazy\" decoding=\"async\" class=\"img-with-animation skip-lazy\" data-delay=\"0\" height=\"1367\" width=\"2560\" data-animation=\"none\" src=\"https:\/\/www.transyncai.com\/wp-content\/uploads\/2025\/05\/\u5fae\u4fe1\u622a\u56fe_20250522174119-scaled.jpg\" alt=\"\" srcset=\"https:\/\/www.transyncai.com\/wp-content\/uploads\/2025\/05\/\u5fae\u4fe1\u622a\u56fe_20250522174119-scaled.jpg 2560w, https:\/\/www.transyncai.com\/wp-content\/uploads\/2025\/05\/\u5fae\u4fe1\u622a\u56fe_20250522174119-300x160.jpg 300w, https:\/\/www.transyncai.com\/wp-content\/uploads\/2025\/05\/\u5fae\u4fe1\u622a\u56fe_20250522174119-1024x547.jpg 1024w, https:\/\/www.transyncai.com\/wp-content\/uploads\/2025\/05\/\u5fae\u4fe1\u622a\u56fe_20250522174119-768x410.jpg 768w, https:\/\/www.transyncai.com\/wp-content\/uploads\/2025\/05\/\u5fae\u4fe1\u622a\u56fe_20250522174119-1536x820.jpg 1536w, https:\/\/www.transyncai.com\/wp-content\/uploads\/2025\/05\/\u5fae\u4fe1\u622a\u56fe_20250522174119-2048x1094.jpg 2048w, https:\/\/www.transyncai.com\/wp-content\/uploads\/2025\/05\/\u5fae\u4fe1\u622a\u56fe_20250522174119-18x10.jpg 18w\" sizes=\"auto, (max-width: 2560px) 100vw, 2560px\" \/>\n          <\/div>\n        <\/div>\n        \n      <\/div>\n    <\/div><div class=\"nectar-split-heading\" data-align=\"center\" data-m-align=\"inherit\" data-text-effect=\"default\" data-animation-type=\"line-reveal-by-space\" data-animation-delay=\"0\" data-animation-offset=\"\" data-m-rm-animation=\"\" data-stagger=\"\" data-custom-font-size=\"false\" ><h3 >3. \u4e0b\u8f7d\u5b8c\u6210\u540e\uff0c\u9f20\u6807\u79fb\u52a8\u5230\u4e0b\u8f7d\u8bb0\u5f55\u884c\uff0c\u505c\u7559\u65f6\u663e\u793a\u201c\u00b7\u00b7\u00b7\u201d,\u70b9\u51fb\u540e\u9009\u62e9\u201c\u4fdd\u7559\u201d<\/h3><\/div><div class=\"img-with-aniamtion-wrap center\" data-max-width=\"100%\" data-max-width-mobile=\"default\" data-shadow=\"none\" data-animation=\"none\" >\n      <div class=\"inner\">\n        <div class=\"hover-wrap\"> \n          <div class=\"hover-wrap-inner\">\n            <img loading=\"lazy\" decoding=\"async\" class=\"img-with-animation skip-lazy\" data-delay=\"0\" height=\"1362\" width=\"2560\" data-animation=\"none\" src=\"https:\/\/www.transyncai.com\/wp-content\/uploads\/2025\/05\/\u5fae\u4fe1\u622a\u56fe_20250522174200-scaled.jpg\" alt=\"\" srcset=\"https:\/\/www.transyncai.com\/wp-content\/uploads\/2025\/05\/\u5fae\u4fe1\u622a\u56fe_20250522174200-scaled.jpg 2560w, https:\/\/www.transyncai.com\/wp-content\/uploads\/2025\/05\/\u5fae\u4fe1\u622a\u56fe_20250522174200-300x160.jpg 300w, https:\/\/www.transyncai.com\/wp-content\/uploads\/2025\/05\/\u5fae\u4fe1\u622a\u56fe_20250522174200-1024x545.jpg 1024w, https:\/\/www.transyncai.com\/wp-content\/uploads\/2025\/05\/\u5fae\u4fe1\u622a\u56fe_20250522174200-768x409.jpg 768w, https:\/\/www.transyncai.com\/wp-content\/uploads\/2025\/05\/\u5fae\u4fe1\u622a\u56fe_20250522174200-1536x817.jpg 1536w, https:\/\/www.transyncai.com\/wp-content\/uploads\/2025\/05\/\u5fae\u4fe1\u622a\u56fe_20250522174200-2048x1090.jpg 2048w, https:\/\/www.transyncai.com\/wp-content\/uploads\/2025\/05\/\u5fae\u4fe1\u622a\u56fe_20250522174200-18x10.jpg 18w\" sizes=\"auto, (max-width: 2560px) 100vw, 2560px\" \/>\n          <\/div>\n        <\/div>\n        \n      <\/div>\n    <\/div><div class=\"nectar-split-heading\" data-align=\"center\" data-m-align=\"inherit\" data-text-effect=\"default\" data-animation-type=\"line-reveal-by-space\" data-animation-delay=\"0\" data-animation-offset=\"\" data-m-rm-animation=\"\" data-stagger=\"\" data-custom-font-size=\"false\" ><h3 >4. \u70b9\u51fb\u5c55\u5f00\u5f39\u7a97\u7684\u201c\u663e\u793a\u8be6\u7ec6\u4fe1\u606f\u201d,\u70b9\u51fb\u4e0b\u65b9\u7684\u201c\u4ecd\u7136\u4fdd\u7559\u201d<\/h3><\/div><div class=\"img-with-aniamtion-wrap center\" data-max-width=\"100%\" data-max-width-mobile=\"default\" data-shadow=\"none\" data-animation=\"none\" >\n      <div class=\"inner\">\n        <div class=\"hover-wrap\"> \n          <div class=\"hover-wrap-inner\">\n            <img loading=\"lazy\" decoding=\"async\" class=\"img-with-animation skip-lazy\" data-delay=\"0\" height=\"1367\" width=\"2560\" data-animation=\"none\" src=\"https:\/\/www.transyncai.com\/wp-content\/uploads\/2025\/05\/\u5fae\u4fe1\u622a\u56fe_20250522174349-scaled.jpg\" alt=\"\" srcset=\"https:\/\/www.transyncai.com\/wp-content\/uploads\/2025\/05\/\u5fae\u4fe1\u622a\u56fe_20250522174349-scaled.jpg 2560w, https:\/\/www.transyncai.com\/wp-content\/uploads\/2025\/05\/\u5fae\u4fe1\u622a\u56fe_20250522174349-300x160.jpg 300w, https:\/\/www.transyncai.com\/wp-content\/uploads\/2025\/05\/\u5fae\u4fe1\u622a\u56fe_20250522174349-1024x547.jpg 1024w, https:\/\/www.transyncai.com\/wp-content\/uploads\/2025\/05\/\u5fae\u4fe1\u622a\u56fe_20250522174349-768x410.jpg 768w, https:\/\/www.transyncai.com\/wp-content\/uploads\/2025\/05\/\u5fae\u4fe1\u622a\u56fe_20250522174349-1536x820.jpg 1536w, https:\/\/www.transyncai.com\/wp-content\/uploads\/2025\/05\/\u5fae\u4fe1\u622a\u56fe_20250522174349-2048x1094.jpg 2048w, https:\/\/www.transyncai.com\/wp-content\/uploads\/2025\/05\/\u5fae\u4fe1\u622a\u56fe_20250522174349-18x10.jpg 18w\" sizes=\"auto, (max-width: 2560px) 100vw, 2560px\" \/>\n          <\/div>\n        <\/div>\n        \n      <\/div>\n    <\/div><div class=\"nectar-split-heading\" data-align=\"center\" data-m-align=\"inherit\" data-text-effect=\"default\" data-animation-type=\"line-reveal-by-space\" data-animation-delay=\"0\" data-animation-offset=\"\" data-m-rm-animation=\"\" data-stagger=\"\" data-custom-font-size=\"false\" ><h3 >5. Bir Yorum Yaz\u0131n\u201cBir \u015eey\u201d<\/h3><\/div><div class=\"img-with-aniamtion-wrap center\" data-max-width=\"100%\" data-max-width-mobile=\"default\" data-shadow=\"none\" data-animation=\"none\" >\n      <div class=\"inner\">\n        <div class=\"hover-wrap\"> \n          <div class=\"hover-wrap-inner\">\n            <img loading=\"lazy\" decoding=\"async\" class=\"img-with-animation skip-lazy\" data-delay=\"0\" height=\"1371\" width=\"2560\" data-animation=\"none\" src=\"https:\/\/www.transyncai.com\/wp-content\/uploads\/2025\/05\/\u5fae\u4fe1\u622a\u56fe_20250522174402-scaled.jpg\" alt=\"\" srcset=\"https:\/\/www.transyncai.com\/wp-content\/uploads\/2025\/05\/\u5fae\u4fe1\u622a\u56fe_20250522174402-scaled.jpg 2560w, https:\/\/www.transyncai.com\/wp-content\/uploads\/2025\/05\/\u5fae\u4fe1\u622a\u56fe_20250522174402-300x161.jpg 300w, https:\/\/www.transyncai.com\/wp-content\/uploads\/2025\/05\/\u5fae\u4fe1\u622a\u56fe_20250522174402-1024x548.jpg 1024w, https:\/\/www.transyncai.com\/wp-content\/uploads\/2025\/05\/\u5fae\u4fe1\u622a\u56fe_20250522174402-768x411.jpg 768w, https:\/\/www.transyncai.com\/wp-content\/uploads\/2025\/05\/\u5fae\u4fe1\u622a\u56fe_20250522174402-1536x823.jpg 1536w, https:\/\/www.transyncai.com\/wp-content\/uploads\/2025\/05\/\u5fae\u4fe1\u622a\u56fe_20250522174402-2048x1097.jpg 2048w, https:\/\/www.transyncai.com\/wp-content\/uploads\/2025\/05\/\u5fae\u4fe1\u622a\u56fe_20250522174402-18x10.jpg 18w\" sizes=\"auto, (max-width: 2560px) 100vw, 2560px\" \/>\n          <\/div>\n        <\/div>\n        \n      <\/div>\n    <\/div><div class=\"nectar-split-heading\" data-align=\"center\" data-m-align=\"inherit\" data-text-effect=\"default\" data-animation-type=\"line-reveal-by-space\" data-animation-delay=\"0\" data-animation-offset=\"\" data-m-rm-animation=\"\" data-stagger=\"\" data-custom-font-size=\"false\" ><h3 >6. \u5b89\u88c5\u8fdb\u7a0b\u6253\u5f00\u540e,\u4e3a\u6240\u6709\u7528\u6237\u5b89\u88c5,\u70b9\u51fb\u4e0b\u4e00\u6b65<\/h3><\/div><div class=\"img-with-aniamtion-wrap center\" data-max-width=\"100%\" data-max-width-mobile=\"default\" data-shadow=\"none\" data-animation=\"none\" >\n      <div class=\"inner\">\n        <div class=\"hover-wrap\"> \n          <div class=\"hover-wrap-inner\">\n            <img loading=\"lazy\" decoding=\"async\" class=\"img-with-animation skip-lazy\" data-delay=\"0\" height=\"1361\" width=\"2560\" data-animation=\"none\" src=\"https:\/\/www.transyncai.com\/wp-content\/uploads\/2025\/05\/\u5fae\u4fe1\u622a\u56fe_20250522174414-scaled.jpg\" alt=\"\" srcset=\"https:\/\/www.transyncai.com\/wp-content\/uploads\/2025\/05\/\u5fae\u4fe1\u622a\u56fe_20250522174414-scaled.jpg 2560w, https:\/\/www.transyncai.com\/wp-content\/uploads\/2025\/05\/\u5fae\u4fe1\u622a\u56fe_20250522174414-300x159.jpg 300w, https:\/\/www.transyncai.com\/wp-content\/uploads\/2025\/05\/\u5fae\u4fe1\u622a\u56fe_20250522174414-1024x544.jpg 1024w, https:\/\/www.transyncai.com\/wp-content\/uploads\/2025\/05\/\u5fae\u4fe1\u622a\u56fe_20250522174414-768x408.jpg 768w, https:\/\/www.transyncai.com\/wp-content\/uploads\/2025\/05\/\u5fae\u4fe1\u622a\u56fe_20250522174414-1536x817.jpg 1536w, https:\/\/www.transyncai.com\/wp-content\/uploads\/2025\/05\/\u5fae\u4fe1\u622a\u56fe_20250522174414-2048x1089.jpg 2048w, https:\/\/www.transyncai.com\/wp-content\/uploads\/2025\/05\/\u5fae\u4fe1\u622a\u56fe_20250522174414-18x10.jpg 18w\" sizes=\"auto, (max-width: 2560px) 100vw, 2560px\" \/>\n          <\/div>\n        <\/div>\n        \n      <\/div>\n    <\/div><div class=\"nectar-split-heading\" data-align=\"center\" data-m-align=\"inherit\" data-text-effect=\"default\" data-animation-type=\"line-reveal-by-space\" data-animation-delay=\"0\" data-animation-offset=\"\" data-m-rm-animation=\"\" data-stagger=\"\" data-custom-font-size=\"false\" ><h3 >7. Bir sonraki ad\u0131m<\/h3><\/div><div class=\"img-with-aniamtion-wrap center\" data-max-width=\"100%\" data-max-width-mobile=\"default\" data-shadow=\"none\" data-animation=\"none\" >\n      <div class=\"inner\">\n        <div class=\"hover-wrap\"> \n          <div class=\"hover-wrap-inner\">\n            <img loading=\"lazy\" decoding=\"async\" class=\"img-with-animation skip-lazy\" data-delay=\"0\" height=\"1365\" width=\"2560\" data-animation=\"none\" src=\"https:\/\/www.transyncai.com\/wp-content\/uploads\/2025\/05\/\u5fae\u4fe1\u622a\u56fe_20250522174423-scaled.jpg\" alt=\"\" srcset=\"https:\/\/www.transyncai.com\/wp-content\/uploads\/2025\/05\/\u5fae\u4fe1\u622a\u56fe_20250522174423-scaled.jpg 2560w, https:\/\/www.transyncai.com\/wp-content\/uploads\/2025\/05\/\u5fae\u4fe1\u622a\u56fe_20250522174423-300x160.jpg 300w, https:\/\/www.transyncai.com\/wp-content\/uploads\/2025\/05\/\u5fae\u4fe1\u622a\u56fe_20250522174423-1024x546.jpg 1024w, https:\/\/www.transyncai.com\/wp-content\/uploads\/2025\/05\/\u5fae\u4fe1\u622a\u56fe_20250522174423-768x410.jpg 768w, https:\/\/www.transyncai.com\/wp-content\/uploads\/2025\/05\/\u5fae\u4fe1\u622a\u56fe_20250522174423-1536x819.jpg 1536w, https:\/\/www.transyncai.com\/wp-content\/uploads\/2025\/05\/\u5fae\u4fe1\u622a\u56fe_20250522174423-2048x1092.jpg 2048w, https:\/\/www.transyncai.com\/wp-content\/uploads\/2025\/05\/\u5fae\u4fe1\u622a\u56fe_20250522174423-18x10.jpg 18w\" sizes=\"auto, (max-width: 2560px) 100vw, 2560px\" \/>\n          <\/div>\n        <\/div>\n        \n      <\/div>\n    <\/div><div class=\"nectar-split-heading\" data-align=\"center\" data-m-align=\"inherit\" data-text-effect=\"default\" data-animation-type=\"line-reveal-by-space\" data-animation-delay=\"0\" data-animation-offset=\"\" data-m-rm-animation=\"\" data-stagger=\"\" data-custom-font-size=\"false\" ><h3 >8. Daha Fazla Bilgi<\/h3><\/div><div class=\"img-with-aniamtion-wrap center\" data-max-width=\"100%\" data-max-width-mobile=\"default\" data-shadow=\"none\" data-animation=\"none\" >\n      <div class=\"inner\">\n        <div class=\"hover-wrap\"> \n          <div class=\"hover-wrap-inner\">\n            <img loading=\"lazy\" decoding=\"async\" class=\"img-with-animation skip-lazy\" data-delay=\"0\" height=\"1370\" width=\"2560\" data-animation=\"none\" src=\"https:\/\/www.transyncai.com\/wp-content\/uploads\/2025\/05\/\u5fae\u4fe1\u622a\u56fe_20250522174429-scaled.jpg\" alt=\"\" srcset=\"https:\/\/www.transyncai.com\/wp-content\/uploads\/2025\/05\/\u5fae\u4fe1\u622a\u56fe_20250522174429-scaled.jpg 2560w, https:\/\/www.transyncai.com\/wp-content\/uploads\/2025\/05\/\u5fae\u4fe1\u622a\u56fe_20250522174429-300x161.jpg 300w, https:\/\/www.transyncai.com\/wp-content\/uploads\/2025\/05\/\u5fae\u4fe1\u622a\u56fe_20250522174429-1024x548.jpg 1024w, https:\/\/www.transyncai.com\/wp-content\/uploads\/2025\/05\/\u5fae\u4fe1\u622a\u56fe_20250522174429-768x411.jpg 768w, https:\/\/www.transyncai.com\/wp-content\/uploads\/2025\/05\/\u5fae\u4fe1\u622a\u56fe_20250522174429-1536x822.jpg 1536w, https:\/\/www.transyncai.com\/wp-content\/uploads\/2025\/05\/\u5fae\u4fe1\u622a\u56fe_20250522174429-2048x1096.jpg 2048w, https:\/\/www.transyncai.com\/wp-content\/uploads\/2025\/05\/\u5fae\u4fe1\u622a\u56fe_20250522174429-18x10.jpg 18w\" sizes=\"auto, (max-width: 2560px) 100vw, 2560px\" \/>\n          <\/div>\n        <\/div>\n        \n      <\/div>\n    <\/div><div class=\"nectar-split-heading\" data-align=\"center\" data-m-align=\"inherit\" data-text-effect=\"default\" data-animation-type=\"line-reveal-by-space\" data-animation-delay=\"0\" data-animation-offset=\"\" data-m-rm-animation=\"\" data-stagger=\"\" data-custom-font-size=\"false\" ><h3 >9. \u5b89\u88c5\u5b8c\u6210\u540e,\u9ed8\u8ba4\u5f00\u59cb\u8fd0\u884c\u540c\u8a00\u7ffb\u8bd1,\u70b9\u51fb\u5b8c\u6210<\/h3><\/div><div class=\"img-with-aniamtion-wrap center\" data-max-width=\"100%\" data-max-width-mobile=\"default\" data-shadow=\"none\" data-animation=\"none\" >\n      <div class=\"inner\">\n        <div class=\"hover-wrap\"> \n          <div class=\"hover-wrap-inner\">\n            <img loading=\"lazy\" decoding=\"async\" class=\"img-with-animation skip-lazy\" data-delay=\"0\" height=\"1365\" width=\"2560\" data-animation=\"none\" src=\"https:\/\/www.transyncai.com\/wp-content\/uploads\/2025\/05\/\u5fae\u4fe1\u622a\u56fe_20250522174439-scaled.jpg\" alt=\"\" srcset=\"https:\/\/www.transyncai.com\/wp-content\/uploads\/2025\/05\/\u5fae\u4fe1\u622a\u56fe_20250522174439-scaled.jpg 2560w, https:\/\/www.transyncai.com\/wp-content\/uploads\/2025\/05\/\u5fae\u4fe1\u622a\u56fe_20250522174439-300x160.jpg 300w, https:\/\/www.transyncai.com\/wp-content\/uploads\/2025\/05\/\u5fae\u4fe1\u622a\u56fe_20250522174439-1024x546.jpg 1024w, https:\/\/www.transyncai.com\/wp-content\/uploads\/2025\/05\/\u5fae\u4fe1\u622a\u56fe_20250522174439-768x410.jpg 768w, https:\/\/www.transyncai.com\/wp-content\/uploads\/2025\/05\/\u5fae\u4fe1\u622a\u56fe_20250522174439-1536x819.jpg 1536w, https:\/\/www.transyncai.com\/wp-content\/uploads\/2025\/05\/\u5fae\u4fe1\u622a\u56fe_20250522174439-2048x1092.jpg 2048w, https:\/\/www.transyncai.com\/wp-content\/uploads\/2025\/05\/\u5fae\u4fe1\u622a\u56fe_20250522174439-18x10.jpg 18w\" sizes=\"auto, (max-width: 2560px) 100vw, 2560px\" \/>\n          <\/div>\n        <\/div>\n        \n      <\/div>\n    <\/div><div class=\"nectar-split-heading\" data-align=\"center\" data-m-align=\"inherit\" data-text-effect=\"default\" data-animation-type=\"line-reveal-by-space\" data-animation-delay=\"0\" data-animation-offset=\"\" data-m-rm-animation=\"\" data-stagger=\"\" data-custom-font-size=\"false\" ><h3 >10. \u7a0b\u5e8f\u4f1a\u81ea\u52a8\u6253\u5f00,\u60a8\u53ef\u4ee5\u6ce8\u518c\u540e\u5f00\u59cb\u4f7f\u7528<\/h3><\/div><div class=\"nectar-split-heading\" data-align=\"center\" data-m-align=\"inherit\" data-text-effect=\"default\" data-animation-type=\"line-reveal-by-space\" data-animation-delay=\"0\" data-animation-offset=\"\" data-m-rm-animation=\"\" data-stagger=\"\" data-custom-font-size=\"false\" ><h5 >\u82e5\u9700\u7ffb\u8bd1\u4f1a\u8bae\u5f53\u4e2d\u5176\u4ed6\u4eba\u7684\u53d1\u8a00\uff08Ekipler\uff0cZoom\uff0cGoogle Meet\uff09\uff0c\u8bf7\u5728\u7ffb\u8bd1\u524d\u5728\u9875\u9762\u5de6\u4e0a\u89d2\u9009\u62e9\u58f0\u97f3\u6765\u6e90\uff0c\u52fe\u9009\u201c\u7535\u8111\u58f0\u97f3\u201d<\/h5><\/div><div class=\"img-with-aniamtion-wrap center\" data-max-width=\"100%\" data-max-width-mobile=\"default\" data-shadow=\"none\" data-animation=\"none\" >\n      <div class=\"inner\">\n        <div class=\"hover-wrap\"> \n          <div class=\"hover-wrap-inner\">\n            <img loading=\"lazy\" decoding=\"async\" class=\"img-with-animation skip-lazy\" data-delay=\"0\" height=\"1367\" width=\"2560\" data-animation=\"none\" src=\"https:\/\/www.transyncai.com\/wp-content\/uploads\/2025\/05\/\u5fae\u4fe1\u622a\u56fe_20250522174451-scaled.jpg\" alt=\"\" srcset=\"https:\/\/www.transyncai.com\/wp-content\/uploads\/2025\/05\/\u5fae\u4fe1\u622a\u56fe_20250522174451-scaled.jpg 2560w, https:\/\/www.transyncai.com\/wp-content\/uploads\/2025\/05\/\u5fae\u4fe1\u622a\u56fe_20250522174451-300x160.jpg 300w, https:\/\/www.transyncai.com\/wp-content\/uploads\/2025\/05\/\u5fae\u4fe1\u622a\u56fe_20250522174451-1024x547.jpg 1024w, https:\/\/www.transyncai.com\/wp-content\/uploads\/2025\/05\/\u5fae\u4fe1\u622a\u56fe_20250522174451-768x410.jpg 768w, https:\/\/www.transyncai.com\/wp-content\/uploads\/2025\/05\/\u5fae\u4fe1\u622a\u56fe_20250522174451-1536x820.jpg 1536w, https:\/\/www.transyncai.com\/wp-content\/uploads\/2025\/05\/\u5fae\u4fe1\u622a\u56fe_20250522174451-2048x1094.jpg 2048w, https:\/\/www.transyncai.com\/wp-content\/uploads\/2025\/05\/\u5fae\u4fe1\u622a\u56fe_20250522174451-18x10.jpg 18w\" sizes=\"auto, (max-width: 2560px) 100vw, 2560px\" \/>\n          <\/div>\n        <\/div>\n        \n      <\/div>\n    <\/div><a href=\"http:\/\/47.239.176.210:21080\/zoom-teams-real-time-ai-translation\/\" target=\"_self\"><div class=\"nectar-split-heading\" data-align=\"center\" data-m-align=\"inherit\" data-text-effect=\"default\" data-animation-type=\"line-reveal-by-space\" data-animation-delay=\"0\" data-animation-offset=\"\" data-m-rm-animation=\"\" data-stagger=\"\" data-custom-font-size=\"false\" ><h5 >\u66f4\u591a\u4f7f\u7528\u65b9\u6cd5,\u8bf7\u67e5\u770b\u89c6\u9891<\/h5><\/div><\/a>\n\t\t\t<\/div> \n\t\t<\/div>\n\t<\/div> \n<\/div><\/div>","protected":false},"excerpt":{"rendered":"\u8bf7\u653e\u5fc3 \uff0c\u7f51\u7ad9\u6ca1\u6709\u75c5\u6bd2\uff0c\u63d0\u793a\u98ce\u9669\u662f\u5e38\u89c1\u7684EV\u8ba4\u8bc1\u95ee\u98981.\u9996\u5148\uff0c\u70b9\u51fb\u5b98\u7f51\u53f3\u4e0a\u89d2\u7684\u4e0b\u8f7d\u6309\u94ae 2.\u9009\u62e9Windows\u5ba2\u6237\u7aef\uff0c\u70b9\u51fb\u4e0b\u8f7d 3. \u4e0b\u8f7d\u5b8c\u6210\u540e\uff0c\u9f20\u6807\u79fb\u52a8\u5230\u4e0b\u8f7d\u8bb0\u5f55\u884c\uff0c\u505c\u7559\u65f6\u663e\u793a\u201c\u00b7\u00b7\u00b7\u201d\uff0c\u70b9\u51fb\u540e\u9009\u62e9\u201c\u4fdd\u7559\u201d 4. \u70b9\u51fb\u5c55\u5f00\u5f39\u7a97\u7684\u201c\u663e\u793a\u8be6\u7ec6\u4fe1\u606f\u201d\uff0c\u70b9\u51fb\u4e0b\u65b9\u7684\u201c\u4ecd\u7136\u4fdd\u7559\u201d 5. \u70b9\u51fb\u4e0b\u8f7d\u8bb0\u5f55\u4e2d\u7684\u201c\u6253\u5f00\u6587\u4ef6\u201d 6. \u5b89\u88c5\u8fdb\u7a0b\u6253\u5f00\u540e\uff0c\u4e3a\u6240\u6709\u7528\u6237\u5b89\u88c5\uff0c\u70b9\u51fb\u4e0b\u4e00\u6b65 7. \u9009\u62e9\u60a8\u671f\u671b\u7684\u4e0b\u8f7d\u5730\u5740\uff0c\u70b9\u51fb\u4e0b\u4e00\u6b65 8. \u7b49\u5f85\u5b89\u88c5\u5b8c\u6210 9. \u5b89\u88c5\u5b8c\u6210\u540e\uff0c\u9ed8\u8ba4\u5f00\u59cb\u8fd0\u884c\u540c\u8a00\u7ffb\u8bd1\uff0c\u70b9\u51fb\u5b8c\u6210 10. \u7a0b\u5e8f\u4f1a\u81ea\u52a8\u6253\u5f00\uff0c\u60a8\u53ef\u4ee5\u6ce8\u518c\u540e\u5f00\u59cb\u4f7f\u7528\u82e5\u9700\u7ffb\u8bd1\u4f1a\u8bae\u5f53\u4e2d\u5176\u4ed6\u4eba\u7684\u53d1\u8a00\uff08Teams\uff0cZoom\uff0cGoogle Meet\uff09\uff0c\u8bf7\u5728\u7ffb\u8bd1\u524d\u5728\u9875\u9762\u5de6\u4e0a\u89d2\u9009\u62e9\u58f0\u97f3\u6765\u6e90\uff0c\u52fe\u9009\u201c\u7535\u8111\u58f0\u97f3\u201d \u66f4\u591a\u4f7f\u7528\u65b9\u6cd5\uff0c\u8bf7\u67e5\u770b\u89c6\u9891","protected":false},"author":1,"featured_media":0,"parent":0,"menu_order":0,"comment_status":"closed","ping_status":"closed","template":"","meta":{"footnotes":""},"class_list":["post-570","page","type-page","status-publish"],"_links":{"self":[{"href":"https:\/\/www.transyncai.com\/tr\/wp-json\/wp\/v2\/pages\/570","targetHints":{"allow":["GET"]}}],"collection":[{"href":"https:\/\/www.transyncai.com\/tr\/wp-json\/wp\/v2\/pages"}],"about":[{"href":"https:\/\/www.transyncai.com\/tr\/wp-json\/wp\/v2\/types\/page"}],"author":[{"embeddable":true,"href":"https:\/\/www.transyncai.com\/tr\/wp-json\/wp\/v2\/users\/1"}],"replies":[{"embeddable":true,"href":"https:\/\/www.transyncai.com\/tr\/wp-json\/wp\/v2\/comments?post=570"}],"version-history":[{"count":9,"href":"https:\/\/www.transyncai.com\/tr\/wp-json\/wp\/v2\/pages\/570\/revisions"}],"predecessor-version":[{"id":1045,"href":"https:\/\/www.transyncai.com\/tr\/wp-json\/wp\/v2\/pages\/570\/revisions\/1045"}],"wp:attachment":[{"href":"https:\/\/www.transyncai.com\/tr\/wp-json\/wp\/v2\/media?parent=570"}],"curies":[{"name":"wp","href":"https:\/\/api.w.org\/{rel}","templated":true}]}}