{"id":343,"date":"2025-05-07T13:35:56","date_gmt":"2025-05-07T05:35:56","guid":{"rendered":"http:\/\/47.239.176.210:21080\/?page_id=343"},"modified":"2026-05-15T19:07:36","modified_gmt":"2026-05-15T11:07:36","slug":"download","status":"publish","type":"page","link":"https:\/\/www.transyncai.com\/es\/download\/","title":{"rendered":"Descargar"},"content":{"rendered":"<div id=\"fws_6a0711b86b65c\"  data-column-margin=\"default\" data-midnight=\"dark\"  class=\"wpb_row vc_row-fluid vc_row\"  style=\"padding-top: 0px; padding-bottom: 0px; \"><div class=\"row-bg-wrap\" data-bg-animation=\"none\" data-bg-animation-delay=\"\" data-bg-overlay=\"false\"><div class=\"inner-wrap row-bg-layer\" ><div class=\"row-bg viewport-desktop\"  style=\"\"><\/div><\/div><\/div><div class=\"row_col_wrap_12 col span_12 dark left\">\n\t<div  class=\"vc_col-sm-12 wpb_column column_container vc_column_container col no-extra-padding inherit_tablet inherit_phone flex_gap_desktop_10px\"  data-padding-pos=\"all\" data-has-bg-color=\"false\" data-bg-color=\"\" data-bg-opacity=\"1\" data-animation=\"\" data-delay=\"0\" >\n\t\t<div class=\"vc_column-inner\" >\n\t\t\t<div class=\"wpb_wrapper\">\n\t\t\t\t\n<div class=\"wpb_text_column wpb_content_element\" >\n\t<\/div>\n\n\n\n\n\t\t\t<\/div> \n\t\t<\/div>\n\t<\/div> \n<\/div><\/div>\n\t\t<div id=\"awards\"  data-column-margin=\"default\" data-midnight=\"dark\" data-top-percent=\"4%\" data-bottom-percent=\"6%\"  class=\"wpb_row vc_row-fluid vc_row full-width-section  top_padding_tablet_14pct\"  style=\"padding-top: calc(100vw * 0.04); padding-bottom: calc(100vw * 0.06); \"><div class=\"row-bg-wrap\" data-bg-animation=\"none\" data-bg-animation-delay=\"\" data-bg-overlay=\"false\"><div class=\"inner-wrap row-bg-layer\" ><div class=\"row-bg viewport-desktop\"  style=\"\"><\/div><\/div><\/div><div class=\"row_col_wrap_12 col span_12 dark left\">\n\t<div  class=\"vc_col-sm-12 wpb_column column_container vc_column_container col no-extra-padding el_spacing_20px inherit_tablet inherit_phone flex_gap_desktop_10px\"  data-padding-pos=\"all\" data-has-bg-color=\"false\" data-bg-color=\"\" data-bg-opacity=\"1\" data-animation=\"\" data-delay=\"0\" >\n\t\t<div class=\"vc_column-inner\" >\n\t\t\t<div class=\"wpb_wrapper\">\n\t\t\t\t<div id=\"fws_6a0711b86b9b1\" data-midnight=\"\" data-column-margin=\"default\" class=\"wpb_row vc_row-fluid vc_row inner_row  right_padding_20pct right_padding_phone_0px\"  style=\"padding-bottom: 1%; \"><div class=\"row-bg-wrap\"> <div class=\"row-bg\" ><\/div> <\/div><div class=\"row_col_wrap_12_inner col span_12  left\">\n\t<div  class=\"vc_col-sm-12 wpb_column column_container vc_column_container col child_column no-extra-padding inherit_tablet inherit_phone flex_gap_desktop_10px\"   data-padding-pos=\"all\" data-has-bg-color=\"false\" data-bg-color=\"\" data-bg-opacity=\"1\" data-animation=\"\" data-delay=\"0\" >\n\t\t<div class=\"vc_column-inner\" >\n\t\t<div class=\"wpb_wrapper\">\n\t\t\t<div class=\"nectar-split-heading  font_size_3vw font_size_max_108px font_size_tablet_32px font_size_phone_32px font_line_height_1-6\" data-align=\"default\" data-m-align=\"inherit\" data-text-effect=\"none\" data-animation-type=\"line-reveal-by-space\" data-animation-delay=\"0\" data-animation-offset=\"\" data-m-rm-animation=\"\" data-stagger=\"\" data-custom-font-size=\"true\" style=\"font-size: 3vw; line-height: 3.3vw;\"><h3 style=\" color: #0a0a0a;\">Descargue Transycn AI, una herramienta impulsada por IA que funciona en todas las plataformas.<\/h3><\/div>\n\t\t<\/div> \n\t<\/div>\n\t<\/div> \n<\/div><\/div><div id=\"fws_6a0711b86bb00\" data-midnight=\"\" data-column-margin=\"none\" class=\"wpb_row vc_row-fluid vc_row inner_row\"  style=\"\"><div class=\"row-bg-wrap\"> <div class=\"row-bg\" ><\/div> <\/div><div class=\"row_col_wrap_12_inner col span_12  left\">\n\t<div  class=\"vc_col-sm-12 wpb_column column_container vc_column_container col child_column no-extra-padding inherit_tablet inherit_phone flex_gap_desktop_10px\"   data-padding-pos=\"all\" data-has-bg-color=\"false\" data-bg-color=\"\" data-bg-opacity=\"1\" data-animation=\"\" data-delay=\"0\" >\n\t\t<div class=\"vc_column-inner\" >\n\t\t<div class=\"wpb_wrapper\">\n\t\t\t<div class=\"nectar-hor-list-item has-btn  border_color_ffffff\" data-hover-effect=\"default\" data-br=\"0px\" data-font-family=\"p\" data-color=\"accent-color\" data-columns=\"4\" data-column-layout=\"even\"><div class=\"nectar-list-item\" data-icon=\"true\" data-text-align=\"left\"><img loading=\"lazy\" decoding=\"async\" width=\"96\" height=\"96\" src=\"https:\/\/www.transyncai.com\/wp-content\/uploads\/2025\/05\/win.png\" class=\"item-icon large\" alt=\"\" srcset=\"https:\/\/www.transyncai.com\/wp-content\/uploads\/2025\/05\/win.png 96w, https:\/\/www.transyncai.com\/wp-content\/uploads\/2025\/05\/win-12x12.png 12w\" sizes=\"auto, (max-width: 96px) 100vw, 96px\" \/><h3>Windows64<\/h3><\/div><div class=\"nectar-list-item\" data-text-align=\"left\"><h5>v1.13.0<\/h5><\/div><div class=\"nectar-list-item\" data-text-align=\"left\"><h5>\u00daltima actualizaci\u00f3n: 7 de mayo de 2026<\/h5><\/div><div class=\"nectar-list-item\" data-text-align=\"right\"><h5><\/h5><a class=\"nectar-list-item-btn second\" href=\"https:\/\/store.transyncai.com\/windows\/TransyncAIInstaller-win-x64-20260428.exe\" target=\"_blank\" rel=\"noopener\">Descargar<\/a><\/div><\/div><div class=\"nectar-hor-list-item has-btn  border_color_ffffff\" data-hover-effect=\"default\" data-br=\"0px\" data-font-family=\"p\" data-color=\"accent-color\" data-columns=\"4\" data-column-layout=\"even\"><div class=\"nectar-list-item\" data-icon=\"true\" data-text-align=\"left\"><img loading=\"lazy\" decoding=\"async\" width=\"144\" height=\"144\" src=\"https:\/\/www.transyncai.com\/wp-content\/uploads\/2025\/05\/mac.png\" class=\"item-icon large\" alt=\"\" srcset=\"https:\/\/www.transyncai.com\/wp-content\/uploads\/2025\/05\/mac.png 144w, https:\/\/www.transyncai.com\/wp-content\/uploads\/2025\/05\/mac-12x12.png 12w, https:\/\/www.transyncai.com\/wp-content\/uploads\/2025\/05\/mac-140x140.png 140w, https:\/\/www.transyncai.com\/wp-content\/uploads\/2025\/05\/mac-100x100.png 100w\" sizes=\"auto, (max-width: 144px) 100vw, 144px\" \/><h3>MacOS (chip M)<\/h3><\/div><div class=\"nectar-list-item\" data-text-align=\"left\"><h5>v1.13.0<\/h5><\/div><div class=\"nectar-list-item\" data-text-align=\"left\"><h5>\u00daltima actualizaci\u00f3n: 7 de mayo de 2026<\/h5><\/div><div class=\"nectar-list-item\" data-text-align=\"right\"><h5><\/h5><a class=\"nectar-list-item-btn second\" href=\"https:\/\/store.transyncai.com\/mac\/transync-mac-arm64-26042800.dmg\" target=\"_blank\" rel=\"noopener\">Descargar<\/a><\/div><\/div><div class=\"nectar-hor-list-item has-btn  border_color_ffffff\" data-hover-effect=\"default\" data-br=\"0px\" data-font-family=\"p\" data-color=\"accent-color\" data-columns=\"4\" data-column-layout=\"even\"><div class=\"nectar-list-item\" data-icon=\"true\" data-text-align=\"left\"><img loading=\"lazy\" decoding=\"async\" width=\"96\" height=\"96\" src=\"https:\/\/www.transyncai.com\/wp-content\/uploads\/2025\/05\/iOS.png\" class=\"item-icon large\" alt=\"\" srcset=\"https:\/\/www.transyncai.com\/wp-content\/uploads\/2025\/05\/iOS.png 96w, https:\/\/www.transyncai.com\/wp-content\/uploads\/2025\/05\/iOS-12x12.png 12w\" sizes=\"auto, (max-width: 96px) 100vw, 96px\" \/><h3>Aplicaci\u00f3n iOS<\/h3><\/div><div class=\"nectar-list-item\" data-text-align=\"left\"><h5>v1.13.0<\/h5><\/div><div class=\"nectar-list-item\" data-text-align=\"left\"><h5>\u00daltima actualizaci\u00f3n: 8 de mayo de 2026<\/h5><\/div><div class=\"nectar-list-item\" data-text-align=\"right\"><h5><\/h5><a class=\"nectar-list-item-btn second\" href=\"https:\/\/apple.co\/4jBfDJS\" target=\"_blank\" rel=\"noopener\">Descargar<\/a><\/div><\/div><div class=\"nectar-hor-list-item has-btn  border_color_ffffff\" data-hover-effect=\"default\" data-br=\"0px\" data-font-family=\"p\" data-color=\"accent-color\" data-columns=\"4\" data-column-layout=\"even\"><div class=\"nectar-list-item\" data-icon=\"true\" data-text-align=\"left\"><img loading=\"lazy\" decoding=\"async\" width=\"96\" height=\"96\" src=\"https:\/\/www.transyncai.com\/wp-content\/uploads\/2025\/05\/Google-play.png\" class=\"item-icon large\" alt=\"\" srcset=\"https:\/\/www.transyncai.com\/wp-content\/uploads\/2025\/05\/Google-play.png 96w, https:\/\/www.transyncai.com\/wp-content\/uploads\/2025\/05\/Google-play-12x12.png 12w\" sizes=\"auto, (max-width: 96px) 100vw, 96px\" \/><h3>Aplicaci\u00f3n de Google Play<\/h3><\/div><div class=\"nectar-list-item\" data-text-align=\"left\"><h5>v1.13.0<\/h5><\/div><div class=\"nectar-list-item\" data-text-align=\"left\"><h5>\u00daltima actualizaci\u00f3n: 8 de mayo de 2026<\/h5><\/div><div class=\"nectar-list-item\" data-text-align=\"right\"><h5><\/h5><a class=\"nectar-list-item-btn second\" href=\"https:\/\/play.google.com\/store\/apps\/details?id=com.transyncai.app\" target=\"_blank\" rel=\"noopener\">Descargar<\/a><\/div><\/div><div class=\"nectar-hor-list-item has-btn  border_color_ffffff\" data-hover-effect=\"default\" data-br=\"0px\" data-font-family=\"p\" data-color=\"accent-color\" data-columns=\"4\" data-column-layout=\"even\"><div class=\"nectar-list-item\" data-icon=\"true\" data-text-align=\"left\"><img loading=\"lazy\" decoding=\"async\" width=\"96\" height=\"96\" src=\"https:\/\/www.transyncai.com\/wp-content\/uploads\/2025\/05\/Android.png\" class=\"item-icon large\" alt=\"\" srcset=\"https:\/\/www.transyncai.com\/wp-content\/uploads\/2025\/05\/Android.png 96w, https:\/\/www.transyncai.com\/wp-content\/uploads\/2025\/05\/Android-12x12.png 12w\" sizes=\"auto, (max-width: 96px) 100vw, 96px\" \/><h3>Aplicaci\u00f3n de Android<\/h3><\/div><div class=\"nectar-list-item\" data-text-align=\"left\"><h5>v1.13.0<\/h5><\/div><div class=\"nectar-list-item\" data-text-align=\"left\"><h5>\u00daltima actualizaci\u00f3n: 7 de mayo de 2026<\/h5><\/div><div class=\"nectar-list-item\" data-text-align=\"right\"><h5><\/h5><a class=\"nectar-list-item-btn second\" href=\"https:\/\/store.transyncai.com\/android\/transync-android-26050712.apk\" target=\"_blank\" rel=\"noopener\">Descargar<\/a><\/div><\/div><div class=\"nectar-hor-list-item has-btn  border_color_ffffff\" data-hover-effect=\"default\" data-br=\"0px\" data-font-family=\"p\" data-color=\"accent-color\" data-columns=\"4\" data-column-layout=\"even\"><div class=\"nectar-list-item\" data-icon=\"true\" data-text-align=\"left\"><img loading=\"lazy\" decoding=\"async\" width=\"144\" height=\"144\" src=\"https:\/\/www.transyncai.com\/wp-content\/uploads\/2025\/09\/Web-icon-1.png\" class=\"item-icon large\" alt=\"Icono web\" srcset=\"https:\/\/www.transyncai.com\/wp-content\/uploads\/2025\/09\/Web-icon-1.png 144w, https:\/\/www.transyncai.com\/wp-content\/uploads\/2025\/09\/Web-icon-1-12x12.png 12w, https:\/\/www.transyncai.com\/wp-content\/uploads\/2025\/09\/Web-icon-1-140x140.png 140w, https:\/\/www.transyncai.com\/wp-content\/uploads\/2025\/09\/Web-icon-1-100x100.png 100w\" sizes=\"auto, (max-width: 144px) 100vw, 144px\" \/><h3>Aplicaci\u00f3n web<\/h3><\/div><div class=\"nectar-list-item\" data-text-align=\"left\"><h5>v1.13.0<\/h5><\/div><div class=\"nectar-list-item\" data-text-align=\"left\"><h5>\u00daltima actualizaci\u00f3n: 7 de mayo de 2026<\/h5><\/div><div class=\"nectar-list-item\" data-text-align=\"right\"><h5><\/h5><a class=\"nectar-list-item-btn second\" href=\"https:\/\/app.transyncai.com\" target=\"_blank\" rel=\"noopener\">Lanzamiento<\/a><\/div><\/div><div class=\"divider-wrap\" style=\"opacity: 0.4;\" data-alignment=\"default\"><div style=\"margin-top: 12.5px; height: 1px; margin-bottom: 12.5px;\" data-width=\"100%\" data-animate=\"\" data-animation-delay=\"\" data-color=\"default\" class=\"divider-border\"><\/div><\/div><div class=\"nectar-hor-list-item has-btn  border_color_ffffff\" data-hover-effect=\"default\" data-br=\"0px\" data-font-family=\"p\" data-color=\"accent-color\" data-columns=\"4\" data-column-layout=\"even\"><div class=\"nectar-list-item\" data-icon=\"true\" data-text-align=\"left\"><img loading=\"lazy\" decoding=\"async\" width=\"96\" height=\"96\" src=\"https:\/\/www.transyncai.com\/wp-content\/uploads\/2025\/05\/win.png\" class=\"item-icon large\" alt=\"\" srcset=\"https:\/\/www.transyncai.com\/wp-content\/uploads\/2025\/05\/win.png 96w, https:\/\/www.transyncai.com\/wp-content\/uploads\/2025\/05\/win-12x12.png 12w\" sizes=\"auto, (max-width: 96px) 100vw, 96px\" \/><h3>Windows32<\/h3><\/div><div class=\"nectar-list-item\" data-text-align=\"left\"><h5>v1.13.0<\/h5><\/div><div class=\"nectar-list-item\" data-text-align=\"left\"><h5>\u00daltima actualizaci\u00f3n: 7 de mayo de 2026<\/h5><\/div><div class=\"nectar-list-item\" data-text-align=\"right\"><h5><\/h5><a class=\"nectar-list-item-btn second\" href=\"https:\/\/store.transyncai.com\/windows\/TransyncAIInstaller-win-ia32-20260428.exe\" target=\"_blank\" rel=\"noopener\">Descargar<\/a><\/div><\/div><div class=\"nectar-hor-list-item has-btn  border_color_ffffff\" data-hover-effect=\"default\" data-br=\"0px\" data-font-family=\"p\" data-color=\"accent-color\" data-columns=\"4\" data-column-layout=\"even\"><div class=\"nectar-list-item\" data-icon=\"true\" data-text-align=\"left\"><img loading=\"lazy\" decoding=\"async\" width=\"144\" height=\"144\" src=\"https:\/\/www.transyncai.com\/wp-content\/uploads\/2025\/05\/mac.png\" class=\"item-icon large\" alt=\"\" srcset=\"https:\/\/www.transyncai.com\/wp-content\/uploads\/2025\/05\/mac.png 144w, https:\/\/www.transyncai.com\/wp-content\/uploads\/2025\/05\/mac-12x12.png 12w, https:\/\/www.transyncai.com\/wp-content\/uploads\/2025\/05\/mac-140x140.png 140w, https:\/\/www.transyncai.com\/wp-content\/uploads\/2025\/05\/mac-100x100.png 100w\" sizes=\"auto, (max-width: 144px) 100vw, 144px\" \/><h3>macOS (Intel)<\/h3><\/div><div class=\"nectar-list-item\" data-text-align=\"left\"><h5>v1.13.0<\/h5><\/div><div class=\"nectar-list-item\" data-text-align=\"left\"><h5>\u00daltima actualizaci\u00f3n: 7 de mayo de 2026<\/h5><\/div><div class=\"nectar-list-item\" data-text-align=\"right\"><h5><\/h5><a class=\"nectar-list-item-btn second\" href=\"https:\/\/store.transyncai.com\/mac\/transync-mac-x64-26042800.dmg\" target=\"_blank\" rel=\"noopener\">Descargar<\/a><\/div><\/div>\n\t\t<\/div> \n\t<\/div>\n\t<\/div> \n<\/div><\/div>\n\t\t\t<\/div> \n\t\t<\/div>\n\t<\/div> \n<\/div><\/div>\n\t\t<div id=\"fws_6a0711b86c9fd\"  data-column-margin=\"default\" data-midnight=\"dark\"  class=\"wpb_row vc_row-fluid vc_row\"  style=\"padding-top: 0px; padding-bottom: 0px; \"><div class=\"row-bg-wrap\" data-bg-animation=\"none\" data-bg-animation-delay=\"\" data-bg-overlay=\"false\"><div class=\"inner-wrap row-bg-layer\" ><div class=\"row-bg viewport-desktop\"  style=\"\"><\/div><\/div><\/div><div class=\"row_col_wrap_12 col span_12 dark left\">\n\t<div  class=\"vc_col-sm-12 wpb_column column_container vc_column_container col no-extra-padding inherit_tablet inherit_phone flex_gap_desktop_10px\"  data-padding-pos=\"all\" data-has-bg-color=\"false\" data-bg-color=\"\" data-bg-opacity=\"1\" data-animation=\"\" data-delay=\"0\" >\n\t\t<div class=\"vc_column-inner\" >\n\t\t\t<div class=\"wpb_wrapper\">\n\t\t\t\t\n<div class=\"wpb_text_column wpb_content_element\" >\n\t<\/div>\n\n\n\n\n\t\t\t<\/div> \n\t\t<\/div>\n\t<\/div> \n<\/div><\/div>\n\t\t<div id=\"fws_6a0711b86cb22\"  data-column-margin=\"default\" data-midnight=\"light\"  class=\"wpb_row vc_row-fluid vc_row full-width-section has-row-bg-color vc_row-o-equal-height vc_row-flex vc_row-o-content-middle\"  style=\"padding-top: 70px; padding-bottom: 70px; --row-bg-color: #f7f7f7;\"><div class=\"row-bg-wrap\" data-bg-animation=\"none\" data-bg-animation-delay=\"\" data-bg-overlay=\"false\"><div class=\"inner-wrap row-bg-layer\" ><div class=\"row-bg viewport-desktop using-bg-color\"  style=\"background-color: #f7f7f7; \"><\/div><\/div><\/div><div class=\"row_col_wrap_12 col span_12 light left\">\n\t<div  class=\"vc_col-sm-5 wpb_column column_container vc_column_container col no-extra-padding force-tablet-text-align-center force-phone-text-align-center inherit_tablet inherit_phone flex_gap_desktop_10px\"  data-padding-pos=\"all\" data-has-bg-color=\"false\" data-bg-color=\"\" data-bg-opacity=\"1\" data-animation=\"\" data-delay=\"0\" >\n\t\t<div class=\"vc_column-inner\" >\n\t\t\t<div class=\"wpb_wrapper\">\n\t\t\t\t<div class=\"nectar-responsive-text nectar-link-underline-effect\" style=\"color: #000000;\"><h4>Para una mejor experiencia de usuario, le recomendamos que siempre instale la \u00faltima versi\u00f3n del cliente.<\/h4>\n<\/div>\n\t\t\t<\/div> \n\t\t<\/div>\n\t<\/div> \n\n\t<div  class=\"vc_col-sm-1 wpb_column column_container vc_column_container col no-extra-padding force-tablet-text-align-center force-phone-text-align-center inherit_tablet inherit_phone flex_gap_desktop_10px\"  data-padding-pos=\"all\" data-has-bg-color=\"false\" data-bg-color=\"\" data-bg-opacity=\"1\" data-animation=\"\" data-delay=\"0\" >\n\t\t<div class=\"vc_column-inner\" >\n\t\t\t<div class=\"wpb_wrapper\">\n\t\t\t\t\n\t\t\t<\/div> \n\t\t<\/div>\n\t<\/div> \n\n\t<div  class=\"vc_col-sm-6 wpb_column column_container vc_column_container col no-extra-padding force-tablet-text-align-center force-phone-text-align-center inherit_tablet inherit_phone flex_gap_desktop_10px\"  data-padding-pos=\"all\" data-has-bg-color=\"false\" data-bg-color=\"\" data-bg-opacity=\"1\" data-animation=\"\" data-delay=\"0\" >\n\t\t<div class=\"vc_column-inner\" >\n\t\t\t<div class=\"wpb_wrapper\">\n\t\t\t\t<div id=\"fws_6a0711b86cd25\" data-midnight=\"\" data-column-margin=\"default\" class=\"wpb_row vc_row-fluid vc_row inner_row\"  style=\"\"><div class=\"row-bg-wrap\"> <div class=\"row-bg\" ><\/div> <\/div><div class=\"row_col_wrap_12_inner col span_12  right\">\n\t<div  class=\"vc_col-sm-12 wpb_column column_container vc_column_container col child_column no-extra-padding inherit_tablet inherit_phone flex_gap_desktop_10px\"   data-padding-pos=\"all\" data-has-bg-color=\"false\" data-bg-color=\"\" data-bg-opacity=\"1\" data-animation=\"\" data-delay=\"0\" >\n\t\t<div class=\"vc_column-inner\" >\n\t\t<div class=\"wpb_wrapper\">\n\t\t\t<div class=\"nectar-cta  alignment_tablet_default alignment_phone_default display_tablet_inherit display_phone_inherit\" data-color=\"accent-color\" data-using-bg=\"true\" data-style=\"arrow-animation\" data-display=\"inline\" data-alignment=\"left\" data-text-color=\"custom\" style=\"--nectar-text-color: #ffffff; --nectar-button-color: var(--nectar-accent-color); --nectar-icon-gap: 10px; \"><h4 style=\"color: #ffffff;\"><span class=\"link_wrap\" style=\"padding-top: 20px; padding-right: 40px; padding-bottom: 20px; padding-left: 40px;\"><a  class=\"link_text\" role=\"button\" href=\"https:\/\/www.transyncai.com\/es\/release-notes\/\"><span class=\"text\">Registro de cambios<\/span><svg class=\"next-arrow\" aria-hidden=\"true\" width=\"20px\" height=\"25px\" viewbox=\"0 0 50 80\" xml:space=\"preserve\">\n  <polyline stroke=\"#ffffff\" stroke-width=\"9\" fill=\"none\" stroke-linecap=\"round\" stroke-linejoin=\"round\" points=\"0, 0 45, 40 0, 80\"\/>\n  <\/svg>  <span aria-hidden=\"true\" class=\"line\"  style=\"background-color: #ffffff;\"><\/span> <\/a><\/span><\/h4><\/div>\n\t\t<\/div> \n\t<\/div>\n\t<\/div> \n<\/div><\/div>\n\t\t\t<\/div> \n\t\t<\/div>\n\t<\/div> \n<\/div><\/div>","protected":false},"excerpt":{"rendered":"Descarga Transync AI con tecnolog\u00eda de IA que funciona en todas las plataformas Windows64v1.13.0\u00daltima actualizaci\u00f3n 2026.5.7DescargarMacOS(M Chip)v1.13.0\u00daltima actualizaci\u00f3n 2026.5.7DescargariOS Appv1.13.0\u00daltima actualizaci\u00f3n 2026.5.8DescargarGoogle Play Appv1.13.0\u00daltima actualizaci\u00f3n 2026.5.8DescargarAndroid Appv1.13.0\u00daltima actualizaci\u00f3n 2026.5.7DescargarWeb Appv1.13.0\u00daltima actualizaci\u00f3n 2026.5.7IniciarWindows32v1.13.0\u00daltima actualizaci\u00f3n 2026.5.7DescargarMacOS(Intel)v1.13.0\u00daltima...","protected":false},"author":1,"featured_media":1037,"parent":0,"menu_order":0,"comment_status":"closed","ping_status":"closed","template":"","meta":{"footnotes":""},"class_list":["post-343","page","type-page","status-publish","has-post-thumbnail"],"_links":{"self":[{"href":"https:\/\/www.transyncai.com\/es\/wp-json\/wp\/v2\/pages\/343","targetHints":{"allow":["GET"]}}],"collection":[{"href":"https:\/\/www.transyncai.com\/es\/wp-json\/wp\/v2\/pages"}],"about":[{"href":"https:\/\/www.transyncai.com\/es\/wp-json\/wp\/v2\/types\/page"}],"author":[{"embeddable":true,"href":"https:\/\/www.transyncai.com\/es\/wp-json\/wp\/v2\/users\/1"}],"replies":[{"embeddable":true,"href":"https:\/\/www.transyncai.com\/es\/wp-json\/wp\/v2\/comments?post=343"}],"version-history":[{"count":166,"href":"https:\/\/www.transyncai.com\/es\/wp-json\/wp\/v2\/pages\/343\/revisions"}],"predecessor-version":[{"id":4135,"href":"https:\/\/www.transyncai.com\/es\/wp-json\/wp\/v2\/pages\/343\/revisions\/4135"}],"wp:featuredmedia":[{"embeddable":true,"href":"https:\/\/www.transyncai.com\/es\/wp-json\/wp\/v2\/media\/1037"}],"wp:attachment":[{"href":"https:\/\/www.transyncai.com\/es\/wp-json\/wp\/v2\/media?parent=343"}],"curies":[{"name":"gracias","href":"https:\/\/api.w.org\/{rel}","templated":true}]}}