{"id":1281,"date":"2025-08-14T10:36:15","date_gmt":"2025-08-14T02:36:15","guid":{"rendered":"https:\/\/www.transyncai.com\/?page_id=1281"},"modified":"2026-05-13T16:53:07","modified_gmt":"2026-05-13T08:53:07","slug":"tools","status":"publish","type":"page","link":"https:\/\/www.transyncai.com\/es\/tools\/","title":{"rendered":"Herramientas"},"content":{"rendered":"<div id=\"fws_6a07a1a46ff76\"  data-column-margin=\"default\" data-midnight=\"dark\" data-top-percent=\"6%\" data-bottom-percent=\"2%\"  class=\"wpb_row vc_row-fluid vc_row full-width-content vc_row-o-equal-height vc_row-flex vc_row-o-content-top  right_padding_27pct left_padding_27pct top_padding_tablet_20pct bottom_padding_tablet_10pct right_padding_tablet_20pct right_padding_phone_6pct left_padding_tablet_20pct left_padding_phone_6pct\"  style=\"padding-top: calc(100vw * 0.06); padding-bottom: calc(100vw * 0.02); \"><div class=\"row-bg-wrap\" data-bg-animation=\"none\" data-bg-animation-delay=\"\" data-bg-overlay=\"false\"><div class=\"inner-wrap row-bg-layer\" ><div class=\"row-bg viewport-desktop\"  style=\"\"><\/div><\/div><\/div><div class=\"row_col_wrap_12 col span_12 dark left\">\n\t<div  class=\"vc_col-sm-12 wpb_column column_container vc_column_container col centered-text no-extra-padding el_spacing_0px inherit_tablet inherit_phone flex_gap_desktop_10px\"  data-padding-pos=\"all\" data-has-bg-color=\"false\" data-bg-color=\"\" data-bg-opacity=\"1\" data-animation=\"\" data-delay=\"0\" >\n\t\t<div class=\"vc_column-inner\" >\n\t\t\t<div class=\"wpb_wrapper\">\n\t\t\t\t<div id=\"fws_6a07a1a4701ba\" data-midnight=\"\" data-column-margin=\"default\" class=\"wpb_row vc_row-fluid vc_row inner_row\"  style=\"\"><div class=\"row-bg-wrap\"> <div class=\"row-bg\" ><\/div> <\/div><div class=\"row_col_wrap_12_inner col span_12  left\">\n\t<div  class=\"vc_col-sm-12 wpb_column column_container vc_column_container col child_column no-extra-padding inherit_tablet inherit_phone flex_gap_desktop_10px\"   data-padding-pos=\"all\" data-has-bg-color=\"false\" data-bg-color=\"\" data-bg-opacity=\"1\" data-animation=\"\" data-delay=\"0\" >\n\t\t<div class=\"vc_column-inner\" >\n\t\t<div class=\"wpb_wrapper\">\n\t\t\t<div class=\"nectar-split-heading  font_size_2vw font_size_tablet_20px font_size_phone_20px font_line_height_1-4\" data-align=\"default\" data-m-align=\"inherit\" data-text-effect=\"default\" data-animation-type=\"line-reveal-by-space\" data-animation-delay=\"0\" data-animation-offset=\"\" data-m-rm-animation=\"\" data-stagger=\"true\" data-custom-font-size=\"true\" style=\"font-size: 2.4vw; line-height: 2.64vw;\"><h2 style=\" color: #000000;\">Encuentre las herramientas de traducci\u00f3n de IA que necesita<\/h2><\/div>\n\t\t<\/div> \n\t<\/div>\n\t<\/div> \n<\/div><\/div><div id=\"fws_6a07a1a470322\" data-midnight=\"\" data-column-margin=\"default\" class=\"wpb_row vc_row-fluid vc_row inner_row\"  style=\"\"><div class=\"row-bg-wrap\"> <div class=\"row-bg\" ><\/div> <\/div><div class=\"row_col_wrap_12_inner col span_12  left\">\n\t<div style=\"margin-top: 4%; margin-bottom: 4%; \" class=\"vc_col-sm-12 wpb_column column_container vc_column_container col child_column no-extra-padding inherit_tablet inherit_phone flex_gap_desktop_10px\"   data-padding-pos=\"all\" data-has-bg-color=\"false\" data-bg-color=\"\" data-bg-opacity=\"1\" data-animation=\"\" data-delay=\"0\" >\n\t\t<div class=\"vc_column-inner\" >\n\t\t<div class=\"wpb_wrapper\">\n\t\t\t<div class=\"nectar-responsive-text font_size_tablet_16px font_size_phone_16px font_line_height_1-4 nectar-link-underline-effect\"><h4>Transync AI re\u00fane todas las herramientas de traducci\u00f3n, voz y reuniones en tiempo real, lo que hace que la comunicaci\u00f3n global sea sencilla.<\/h4>\n<\/div>\n\t\t<\/div> \n\t<\/div>\n\t<\/div> \n<\/div><\/div>\n\t\t\t<\/div> \n\t\t<\/div>\n\t<\/div> \n<\/div><\/div>\n\t\t<div id=\"fws_6a07a1a4704c1\"  data-column-margin=\"default\" data-midnight=\"dark\" data-top-percent=\"2%\" data-bottom-percent=\"8%\"  class=\"wpb_row vc_row-fluid vc_row full-width-section has-row-bg-color\"  style=\"padding-top: calc(100vw * 0.02); padding-bottom: calc(100vw * 0.08); --row-bg-color: #ffffff;\"><div class=\"row-bg-wrap\" data-bg-animation=\"none\" data-bg-animation-delay=\"\" data-bg-overlay=\"false\"><div class=\"inner-wrap row-bg-layer\" ><div class=\"row-bg viewport-desktop using-bg-color\"  style=\"background-color: #ffffff; \"><\/div><\/div><\/div><div class=\"row_col_wrap_12 col span_12 dark left\">\n\t<div  class=\"vc_col-sm-12 wpb_column column_container vc_column_container col no-extra-padding inherit_tablet inherit_phone flex_gap_desktop_10px\"  data-padding-pos=\"all\" data-has-bg-color=\"false\" data-bg-color=\"\" data-bg-opacity=\"1\" data-animation=\"\" data-delay=\"0\" >\n\t\t<div class=\"vc_column-inner\" >\n\t\t\t<div class=\"wpb_wrapper\">\n\t\t\t\t<div id=\"fws_6a07a1a4705bc\" data-midnight=\"\" data-column-margin=\"default\" class=\"wpb_row vc_row-fluid vc_row inner_row\"  style=\"\"><div class=\"row-bg-wrap\"> <div class=\"row-bg\" ><\/div> <\/div><div class=\"row_col_wrap_12_inner col span_12  left\">\n\t<div  class=\"vc_col-sm-4 wpb_column column_container vc_column_container col child_column has-animation no-extra-padding inherit_tablet inherit_phone flex_gap_desktop_10px\"   data-padding-pos=\"all\" data-has-bg-color=\"false\" data-bg-color=\"\" data-bg-opacity=\"1\" data-animation=\"fade-in-from-bottom\" data-delay=\"0\" >\n\t\t<div class=\"vc_column-inner\" >\n\t\t<div class=\"wpb_wrapper\">\n\t\t\t<div class=\"nectar-fancy-box style-5 using-img  overlay_000000\" data-align=\"bottom\" data-overlay-opacity=\"0.6\" data-overlay-opacity-hover=\"0.2\" data-style=\"parallax_hover\" data-border-radius=\"10px\" data-animation=\"\" data-delay=\"\" data-color=\"accent-color\"><a  href=\"https:\/\/www.transyncai.com\/es\/tools\/real-time-translation\/\" class=\"box-link\"><\/a><div class=\"parallaxImg\"><div class=\"parallaxImg-layer\" data-img=\"https:\/\/www.transyncai.com\/wp-content\/uploads\/2025\/08\/Slice-1.png\"><\/div><div class=\"parallaxImg-layer\"> <div class=\"meta-wrap\" style=\"min-height: 400px\"><div class=\"inner\">\n<h4>Traducci\u00f3n en tiempo real con IA<\/h4>\n<p>Experimente una traducci\u00f3n ultrarr\u00e1pida y precisa en tiempo real en 60 idiomas, conectando conversaciones con un retraso de menos de 0,5 segundos.<\/div> <\/div><\/div><\/div><\/div>\n\t\t<\/div> \n\t<\/div>\n\t<\/div> \n\n\t<div  class=\"vc_col-sm-4 wpb_column column_container vc_column_container col child_column has-animation no-extra-padding inherit_tablet inherit_phone flex_gap_desktop_10px\"   data-padding-pos=\"all\" data-has-bg-color=\"false\" data-bg-color=\"\" data-bg-opacity=\"1\" data-animation=\"fade-in-from-bottom\" data-delay=\"50\" >\n\t\t<div class=\"vc_column-inner\" >\n\t\t<div class=\"wpb_wrapper\">\n\t\t\t<div class=\"nectar-fancy-box style-5 using-img  overlay_000000\" data-align=\"bottom\" data-overlay-opacity=\"0.6\" data-overlay-opacity-hover=\"0.2\" data-style=\"parallax_hover\" data-border-radius=\"10px\" data-animation=\"\" data-delay=\"\" data-color=\"accent-color\"><a  href=\"https:\/\/www.transyncai.com\/es\/tools\/live-meeting-translation\/\" class=\"box-link\"><\/a><div class=\"parallaxImg\"><div class=\"parallaxImg-layer\" data-img=\"https:\/\/www.transyncai.com\/wp-content\/uploads\/2025\/08\/Slice-2.png\"><\/div><div class=\"parallaxImg-layer\"> <div class=\"meta-wrap\" style=\"min-height: 400px\"><div class=\"inner\">\n<h4>Traducci\u00f3n de reuniones en vivo con IA<\/h4>\n<p>Subt\u00edtulos y traducci\u00f3n de voz en tiempo real sin interrupciones para cualquier reuni\u00f3n en l\u00ednea.<\/div> <\/div><\/div><\/div><\/div>\n\t\t<\/div> \n\t<\/div>\n\t<\/div> \n\n\t<div  class=\"vc_col-sm-4 wpb_column column_container vc_column_container col child_column has-animation no-extra-padding inherit_tablet inherit_phone flex_gap_desktop_10px\"   data-padding-pos=\"all\" data-has-bg-color=\"false\" data-bg-color=\"\" data-bg-opacity=\"1\" data-animation=\"fade-in-from-bottom\" data-delay=\"100\" >\n\t\t<div class=\"vc_column-inner\" >\n\t\t<div class=\"wpb_wrapper\">\n\t\t\t<div class=\"nectar-fancy-box style-5 using-img  overlay_000000\" data-align=\"bottom\" data-overlay-opacity=\"0.6\" data-overlay-opacity-hover=\"0.2\" data-style=\"parallax_hover\" data-border-radius=\"10px\" data-animation=\"\" data-delay=\"\" data-color=\"accent-color\"><a  href=\"https:\/\/www.transyncai.com\/es\/tools\/ai-meeting-notes\/\" class=\"box-link\"><\/a><div class=\"parallaxImg\"><div class=\"parallaxImg-layer\" data-img=\"https:\/\/www.transyncai.com\/wp-content\/uploads\/2025\/08\/Slice-1-1.jpg\"><\/div><div class=\"parallaxImg-layer\"> <div class=\"meta-wrap\" style=\"min-height: 400px\"><div class=\"inner\">\n<h4>Notas de la reuni\u00f3n de IA<\/h4>\n<p>AI Meeting Notes captura autom\u00e1ticamente las transcripciones, las traduce en tiempo real y genera res\u00famenes claros y pr\u00e1cticos.<\/div> <\/div><\/div><\/div><\/div>\n\t\t<\/div> \n\t<\/div>\n\t<\/div> \n<\/div><\/div><div id=\"fws_6a07a1a470f17\" data-midnight=\"\" data-column-margin=\"default\" class=\"wpb_row vc_row-fluid vc_row inner_row\"  style=\"\"><div class=\"row-bg-wrap\"> <div class=\"row-bg\" ><\/div> <\/div><div class=\"row_col_wrap_12_inner col span_12  left\">\n\t<div  class=\"vc_col-sm-4 wpb_column column_container vc_column_container col child_column has-animation no-extra-padding inherit_tablet inherit_phone flex_gap_desktop_10px\"   data-padding-pos=\"all\" data-has-bg-color=\"false\" data-bg-color=\"\" data-bg-opacity=\"1\" data-animation=\"fade-in-from-bottom\" data-delay=\"0\" >\n\t\t<div class=\"vc_column-inner\" >\n\t\t<div class=\"wpb_wrapper\">\n\t\t\t<div class=\"nectar-fancy-box style-5 using-img  overlay_000000\" data-align=\"bottom\" data-overlay-opacity=\"0.6\" data-overlay-opacity-hover=\"0.2\" data-style=\"parallax_hover\" data-border-radius=\"10px\" data-animation=\"\" data-delay=\"\" data-color=\"accent-color\"><a  href=\"https:\/\/www.transyncai.com\/es\/tools\/ai-voice-translator\/\" class=\"box-link\"><\/a><div class=\"parallaxImg\"><div class=\"parallaxImg-layer\" data-img=\"https:\/\/www.transyncai.com\/wp-content\/uploads\/2025\/09\/voice-tones-selector.jpg\"><\/div><div class=\"parallaxImg-layer\"> <div class=\"meta-wrap\" style=\"min-height: 400px\"><div class=\"inner\">\n<h4>Traductor de voz con IA<\/h4>\n<p>Traducci\u00f3n bidireccional en tiempo real con salida de voz natural en m\u00e1s de 40 idiomas. Ideal para reuniones, clases y comunicaci\u00f3n global.<\/div> <\/div><\/div><\/div><\/div>\n\t\t<\/div> \n\t<\/div>\n\t<\/div> \n\n\t<div  class=\"vc_col-sm-4 wpb_column column_container vc_column_container col child_column no-extra-padding inherit_tablet inherit_phone flex_gap_desktop_10px\"   data-padding-pos=\"all\" data-has-bg-color=\"false\" data-bg-color=\"\" data-bg-opacity=\"1\" data-animation=\"\" data-delay=\"0\" >\n\t\t<div class=\"vc_column-inner\" >\n\t\t<div class=\"wpb_wrapper\">\n\t\t\t<div class=\"nectar-fancy-box style-5 using-img  overlay_000000\" data-align=\"bottom\" data-overlay-opacity=\"0.6\" data-overlay-opacity-hover=\"0.2\" data-style=\"parallax_hover\" data-border-radius=\"10px\" data-animation=\"\" data-delay=\"\" data-color=\"accent-color\"><a  href=\"https:\/\/www.transyncai.com\/es\/tools\/ai-assistant-keywords-context\/\" class=\"box-link\"><\/a><div class=\"parallaxImg\"><div class=\"parallaxImg-layer\" data-img=\"https:\/\/www.transyncai.com\/wp-content\/uploads\/2025\/10\/Keywords-And-context-3.jpg\"><\/div><div class=\"parallaxImg-layer\"> <div class=\"meta-wrap\" style=\"min-height: 400px\"><div class=\"inner\">\n<h4>Contexto de palabras clave del asistente de IA<\/h4>\n<p class=\"p1\"><span class=\"s1\">Dejar <\/span>Asistente de inteligencia artificial de Transync<span class=\"s1\"> Entiende tu <\/span>palabras clave<span class=\"s1\"> y <\/span>contexto<span class=\"s1\"> para entregar traducciones que sean <\/span>Preciso, natural y profesional.<span class=\"s1\">.<\/span><\/p>\n<\/div> <\/div><\/div><\/div><\/div>\n\t\t<\/div> \n\t<\/div>\n\t<\/div> \n\n\t<div  class=\"vc_col-sm-4 wpb_column column_container vc_column_container col child_column no-extra-padding inherit_tablet inherit_phone flex_gap_desktop_10px\"   data-padding-pos=\"all\" data-has-bg-color=\"false\" data-bg-color=\"\" data-bg-opacity=\"1\" data-animation=\"\" data-delay=\"0\" >\n\t\t<div class=\"vc_column-inner\" >\n\t\t<div class=\"wpb_wrapper\">\n\t\t\t<div class=\"nectar-fancy-box style-5 using-img  overlay_000000\" data-align=\"bottom\" data-overlay-opacity=\"0.6\" data-overlay-opacity-hover=\"0.2\" data-style=\"parallax_hover\" data-border-radius=\"10px\" data-animation=\"\" data-delay=\"\" data-color=\"accent-color\"><a  href=\"https:\/\/www.transyncai.com\/es\/tools\/supported-languages\/\" class=\"box-link\"><\/a><div class=\"parallaxImg\"><div class=\"parallaxImg-layer\" data-img=\"https:\/\/www.transyncai.com\/wp-content\/uploads\/2025\/09\/language-pairs-selector.jpg\"><\/div><div class=\"parallaxImg-layer\"> <div class=\"meta-wrap\" style=\"min-height: 400px\"><div class=\"inner\">\n<h4>Idiomas compatibles<\/h4>\n<p class=\"p1\">Vea los m\u00e1s de 60 idiomas y m\u00e1s de 1700 pares de idiomas compatibles con Transync AI.<\/p>\n<\/div> <\/div><\/div><\/div><\/div>\n\t\t<\/div> \n\t<\/div>\n\t<\/div> \n<\/div><\/div><div id=\"fws_6a07a1a47184c\" data-midnight=\"\" data-column-margin=\"default\" class=\"wpb_row vc_row-fluid vc_row inner_row\"  style=\"\"><div class=\"row-bg-wrap\"> <div class=\"row-bg\" ><\/div> <\/div><div class=\"row_col_wrap_12_inner col span_12  left\">\n\t<div  class=\"vc_col-sm-4 wpb_column column_container vc_column_container col child_column has-animation no-extra-padding inherit_tablet inherit_phone flex_gap_desktop_10px\"   data-padding-pos=\"all\" data-has-bg-color=\"false\" data-bg-color=\"\" data-bg-opacity=\"1\" data-animation=\"fade-in-from-bottom\" data-delay=\"0\" >\n\t\t<div class=\"vc_column-inner\" >\n\t\t<div class=\"wpb_wrapper\">\n\t\t\t<div class=\"nectar-fancy-box style-5 using-img  overlay_000000\" data-align=\"bottom\" data-overlay-opacity=\"0.6\" data-overlay-opacity-hover=\"0.2\" data-style=\"parallax_hover\" data-border-radius=\"10px\" data-animation=\"\" data-delay=\"\" data-color=\"accent-color\"><a  href=\"https:\/\/www.transyncai.com\/es\/tools\/picture-in-picture\/\" class=\"box-link\"><\/a><div class=\"parallaxImg\"><div class=\"parallaxImg-layer\" data-img=\"https:\/\/www.transyncai.com\/wp-content\/uploads\/2026\/04\/2026.04.28-PiP-main.jpg\"><\/div><div class=\"parallaxImg-layer\"> <div class=\"meta-wrap\" style=\"min-height: 400px\"><div class=\"inner\">\n<h4>Subt\u00edtulos flotantes en imagen dentro de imagen<\/h4>\n<p>Subt\u00edtulos biling\u00fces en tiempo real en una ventana flotante en Mac, Windows e iOS. Mant\u00e9n las traducciones visibles por encima de otras aplicaciones, presentaciones o pantallas m\u00f3viles mientras escuchas y te comunicas.<\/div> <\/div><\/div><\/div><\/div>\n\t\t<\/div> \n\t<\/div>\n\t<\/div> \n<\/div><\/div>\n\t\t\t<\/div> \n\t\t<\/div>\n\t<\/div> \n<\/div><\/div>","protected":false},"excerpt":{"rendered":"Encuentra las herramientas de traducci\u00f3n con IA que necesitas. Transync AI integra todas las herramientas de traducci\u00f3n, voz y reuniones en tiempo real, simplificando la comunicaci\u00f3n global. Traducci\u00f3n con IA en tiempo real. Experimenta una traducci\u00f3n ultrarr\u00e1pida y precisa en tiempo real...","protected":false},"author":1,"featured_media":1121,"parent":0,"menu_order":0,"comment_status":"closed","ping_status":"closed","template":"","meta":{"footnotes":""},"class_list":["post-1281","page","type-page","status-publish","has-post-thumbnail"],"_links":{"self":[{"href":"https:\/\/www.transyncai.com\/es\/wp-json\/wp\/v2\/pages\/1281","targetHints":{"allow":["GET"]}}],"collection":[{"href":"https:\/\/www.transyncai.com\/es\/wp-json\/wp\/v2\/pages"}],"about":[{"href":"https:\/\/www.transyncai.com\/es\/wp-json\/wp\/v2\/types\/page"}],"author":[{"embeddable":true,"href":"https:\/\/www.transyncai.com\/es\/wp-json\/wp\/v2\/users\/1"}],"replies":[{"embeddable":true,"href":"https:\/\/www.transyncai.com\/es\/wp-json\/wp\/v2\/comments?post=1281"}],"version-history":[{"count":17,"href":"https:\/\/www.transyncai.com\/es\/wp-json\/wp\/v2\/pages\/1281\/revisions"}],"predecessor-version":[{"id":4111,"href":"https:\/\/www.transyncai.com\/es\/wp-json\/wp\/v2\/pages\/1281\/revisions\/4111"}],"wp:featuredmedia":[{"embeddable":true,"href":"https:\/\/www.transyncai.com\/es\/wp-json\/wp\/v2\/media\/1121"}],"wp:attachment":[{"href":"https:\/\/www.transyncai.com\/es\/wp-json\/wp\/v2\/media?parent=1281"}],"curies":[{"name":"gracias","href":"https:\/\/api.w.org\/{rel}","templated":true}]}}