{"id":132,"date":"2025-03-28T10:15:17","date_gmt":"2025-03-28T02:15:17","guid":{"rendered":"http:\/\/47.239.176.210:21080\/?page_id=132"},"modified":"2025-10-20T16:54:13","modified_gmt":"2025-10-20T08:54:13","slug":"blog","status":"publish","type":"page","link":"https:\/\/www.transyncai.com\/de\/blog\/","title":{"rendered":"Der Blog"},"content":{"rendered":"<div id=\"fws_6a0731387a30c\"  data-column-margin=\"default\" data-midnight=\"dark\"  class=\"wpb_row vc_row-fluid vc_row\"  style=\"padding-top: 0px; padding-bottom: 0px; \"><div class=\"row-bg-wrap\" data-bg-animation=\"none\" data-bg-animation-delay=\"\" data-bg-overlay=\"false\"><div class=\"inner-wrap row-bg-layer\" ><div class=\"row-bg viewport-desktop\"  style=\"\"><\/div><\/div><\/div><div class=\"row_col_wrap_12 col span_12 dark center\">\n\t<div  class=\"vc_col-sm-12 wpb_column column_container vc_column_container col no-extra-padding inherit_tablet inherit_phone\"  data-padding-pos=\"all\" data-has-bg-color=\"false\" data-bg-color=\"\" data-bg-opacity=\"1\" data-animation=\"\" data-delay=\"0\" >\n\t\t<div class=\"vc_column-inner\" >\n\t\t\t<div class=\"wpb_wrapper\">\n\t\t\t\t<div id=\"fws_6a0731387a53c\" data-midnight=\"\" data-column-margin=\"default\" class=\"wpb_row vc_row-fluid vc_row inner_row  right_padding_20pct left_padding_20pct right_padding_tablet_10pct right_padding_phone_10pct left_padding_tablet_10pct left_padding_phone_10pct\"  style=\"padding-top: 5%; padding-bottom: 5%; \"><div class=\"row-bg-wrap\"> <div class=\"row-bg\" ><\/div> <\/div><div class=\"row_col_wrap_12_inner col span_12  left\">\n\t<div  class=\"vc_col-sm-12 wpb_column column_container vc_column_container col child_column no-extra-padding inherit_tablet inherit_phone\"   data-padding-pos=\"all\" data-has-bg-color=\"false\" data-bg-color=\"\" data-bg-opacity=\"1\" data-animation=\"\" data-delay=\"0\" >\n\t\t<div class=\"vc_column-inner\" >\n\t\t<div class=\"wpb_wrapper\">\n\t\t\t<div class=\"nectar-responsive-text font_size_desktop_2vw font_size_tablet_24px font_size_phone_24px font_line_height_1-3 nectar-link-underline-effect\" style=\"color: #0a0a0a;\"><h2>Transsync AI-Blog<\/h2>\n<\/div><div class=\"nectar-responsive-text font_size_min_14px font_size_max_20px font_size_desktop_1vw font_size_tablet_16px font_size_phone_16px font_line_height_1-7 nectar-link-underline-effect\"><p style=\"text-align: center\">Neuigkeiten, Features und Blicke hinter die Kulissen von Transynct AI<\/p>\n<\/div>\n\t\t<\/div> \n\t<\/div>\n\t<\/div> \n<\/div><\/div>\n\t\t\t<\/div> \n\t\t<\/div>\n\t<\/div> \n<\/div><\/div>\n\t\t<div id=\"fws_6a0731387a7ba\"  data-column-margin=\"default\" data-midnight=\"dark\" data-top-percent=\"2%\" data-bottom-percent=\"6%\"  class=\"wpb_row vc_row-fluid vc_row full-width-section\"  style=\"padding-top: calc(100vw * 0.02); padding-bottom: calc(100vw * 0.06); \"><div class=\"row-bg-wrap\" data-bg-animation=\"none\" data-bg-animation-delay=\"\" data-bg-overlay=\"false\"><div class=\"inner-wrap row-bg-layer\" ><div class=\"row-bg viewport-desktop\"  style=\"\"><\/div><\/div><\/div><div class=\"row_col_wrap_12 col span_12 dark left\">\n\t<div  class=\"vc_col-sm-12 wpb_column column_container vc_column_container col no-extra-padding inherit_tablet inherit_phone\"  data-padding-pos=\"all\" data-has-bg-color=\"false\" data-bg-color=\"\" data-bg-opacity=\"1\" data-animation=\"\" data-delay=\"0\" >\n\t\t<div class=\"vc_column-inner\" >\n\t\t\t<div class=\"wpb_wrapper\">\n\t\t\t\t\n<div class=\"row\">\n\n <div class=\"post-area col  span_12 col_last masonry material\" data-ams=\"\" data-remove-post-date=\"\" data-remove-post-author=\"\" data-remove-post-comment-number=\"\" data-remove-post-nectar-love=\"\"> <div class=\"posts-container\" data-load-animation=\"fade_in_from_bottom\">     \n     \n<article id=\"post-4005\" class=\"masonry-blog-item post-4005 post type-post status-publish format-standard has-post-thumbnail category-use-case\">  \n    \n  <div class=\"inner-wrap animated\">\n    \n    <div class=\"post-content\">\n\n      <div class=\"content-inner\">\n        \n        <a class=\"entire-meta-link\" href=\"https:\/\/www.transyncai.com\/de\/blog\/premium-english-to-persian-translation\/\"><span class=\"screen-reader-text\">Der Enterprise-Leitfaden 2026: Die 7 besten Premium-Tools f\u00fcr die Englisch-Persisch-\u00dcbersetzung<\/span><\/a>\n        \n        <span class=\"post-featured-img\"><img class=\"nectar-lazy wp-post-image skip-lazy\" alt=\"7 Premium-\u00dcbersetzungstools f\u00fcr Englisch-Persisch f\u00fcr 2026\" height=\"600\" width=\"900\" data-nectar-img-src=\"https:\/\/www.transyncai.com\/wp-content\/uploads\/2026\/05\/49.png\" data-nectar-img-srcset=\"https:\/\/www.transyncai.com\/wp-content\/uploads\/2026\/05\/49.png 900w, https:\/\/www.transyncai.com\/wp-content\/uploads\/2026\/05\/49-300x200.png 300w, https:\/\/www.transyncai.com\/wp-content\/uploads\/2026\/05\/49-768x512.png 768w, https:\/\/www.transyncai.com\/wp-content\/uploads\/2026\/05\/49-18x12.png 18w\" sizes=\"(min-width: 1600px) 20vw, (min-width: 1300px) 25vw, (min-width: 1000px) 33.3vw, (min-width: 690px) 50vw, 100vw\" \/><\/span><span class=\"meta-category\"><a class=\"use-case\" href=\"https:\/\/www.transyncai.com\/de\/blog\/category\/use-case\/\">Anwendungsfall<\/a><\/span>        \n        <div class=\"article-content-wrap\">\n          \n          <div class=\"post-header\">\n            <h3 class=\"title\"><a href=\"https:\/\/www.transyncai.com\/de\/blog\/premium-english-to-persian-translation\/\"> Der Enterprise-Leitfaden 2026: Die 7 besten Premium-Tools f\u00fcr die Englisch-Persisch-\u00dcbersetzung<\/a><\/h3>\n          <\/div>\n          \n          <div class=\"excerpt\">Expanding business operations, NGO initiatives, or infrastructure projects into Persian-speaking regions (including markets utilizing Farsi,&hellip;<\/div><div class=\"grav-wrap\"><a href=\"https:\/\/www.transyncai.com\/de\/author\/jun-chen\/\"><img loading=\"lazy\" decoding=\"async\" src=\"https:\/\/www.transyncai.com\/wp-content\/uploads\/2025\/05\/Logo-final-512-100x100.png\" srcset=\"https:\/\/www.transyncai.com\/wp-content\/uploads\/2025\/05\/Logo-final-512-140x140.png 2x\" width=\"70\" height=\"70\" alt=\"Jun Chen\" class=\"avatar avatar-70 wp-user-avatar wp-user-avatar-70 photo avatar-default\" \/><\/a><div class=\"text\"><a href=\"https:\/\/www.transyncai.com\/de\/author\/jun-chen\/\" rel=\"author\">Jun Chen<\/a><span>15.05.2026<\/span><\/div><\/div>\n        <\/div><!--article-content-wrap-->\n        \n      <\/div><!--\/content-inner-->\n        \n    <\/div><!--\/post-content-->\n      \n  <\/div><!--\/inner-wrap-->\n    \n<\/article>     \n     \n<article id=\"post-3967\" class=\"masonry-blog-item post-3967 post type-post status-publish format-standard has-post-thumbnail category-use-case\">  \n    \n  <div class=\"inner-wrap animated\">\n    \n    <div class=\"post-content\">\n\n      <div class=\"content-inner\">\n        \n        <a class=\"entire-meta-link\" href=\"https:\/\/www.transyncai.com\/de\/blog\/premium-english-to-nepali-translation-tools\/\"><span class=\"screen-reader-text\">Der Enterprise-Leitfaden 2026: Die 7 besten Premium-Tools f\u00fcr die Englisch-Nepali-\u00dcbersetzung<\/span><\/a>\n        \n        <span class=\"post-featured-img\"><img class=\"nectar-lazy wp-post-image skip-lazy\" alt=\"Die 7 besten Premium-KI-Tools f\u00fcr die Englisch-Nepali-\u00dcbersetzung (2026)\" height=\"600\" width=\"900\" data-nectar-img-src=\"https:\/\/www.transyncai.com\/wp-content\/uploads\/2026\/05\/48.png\" data-nectar-img-srcset=\"https:\/\/www.transyncai.com\/wp-content\/uploads\/2026\/05\/48.png 900w, https:\/\/www.transyncai.com\/wp-content\/uploads\/2026\/05\/48-300x200.png 300w, https:\/\/www.transyncai.com\/wp-content\/uploads\/2026\/05\/48-768x512.png 768w, https:\/\/www.transyncai.com\/wp-content\/uploads\/2026\/05\/48-18x12.png 18w\" sizes=\"(min-width: 1600px) 20vw, (min-width: 1300px) 25vw, (min-width: 1000px) 33.3vw, (min-width: 690px) 50vw, 100vw\" \/><\/span><span class=\"meta-category\"><a class=\"use-case\" href=\"https:\/\/www.transyncai.com\/de\/blog\/category\/use-case\/\">Anwendungsfall<\/a><\/span>        \n        <div class=\"article-content-wrap\">\n          \n          <div class=\"post-header\">\n            <h3 class=\"title\"><a href=\"https:\/\/www.transyncai.com\/de\/blog\/premium-english-to-nepali-translation-tools\/\"> Der Enterprise-Leitfaden 2026: Die 7 besten Premium-Tools f\u00fcr die Englisch-Nepali-\u00dcbersetzung<\/a><\/h3>\n          <\/div>\n          \n          <div class=\"excerpt\">As foreign direct investment pours into South Asia, Nepal has emerged as a highly strategic&hellip;<\/div><div class=\"grav-wrap\"><a href=\"https:\/\/www.transyncai.com\/de\/author\/jun-chen\/\"><img loading=\"lazy\" decoding=\"async\" src=\"https:\/\/www.transyncai.com\/wp-content\/uploads\/2025\/05\/Logo-final-512-100x100.png\" srcset=\"https:\/\/www.transyncai.com\/wp-content\/uploads\/2025\/05\/Logo-final-512-140x140.png 2x\" width=\"70\" height=\"70\" alt=\"Jun Chen\" class=\"avatar avatar-70 wp-user-avatar wp-user-avatar-70 photo avatar-default\" \/><\/a><div class=\"text\"><a href=\"https:\/\/www.transyncai.com\/de\/author\/jun-chen\/\" rel=\"author\">Jun Chen<\/a><span>14.05.2026<\/span><\/div><\/div>\n        <\/div><!--article-content-wrap-->\n        \n      <\/div><!--\/content-inner-->\n        \n    <\/div><!--\/post-content-->\n      \n  <\/div><!--\/inner-wrap-->\n    \n<\/article>     \n     \n<article id=\"post-3961\" class=\"masonry-blog-item post-3961 post type-post status-publish format-standard has-post-thumbnail category-use-case\">  \n    \n  <div class=\"inner-wrap animated\">\n    \n    <div class=\"post-content\">\n\n      <div class=\"content-inner\">\n        \n        <a class=\"entire-meta-link\" href=\"https:\/\/www.transyncai.com\/de\/blog\/youtube-transcript-floating-subtitle-tools\/\"><span class=\"screen-reader-text\">Der Zuschauerleitfaden 2026: Die 5 besten YouTube-Transkriptions- und Untertitel-Tools<\/span><\/a>\n        \n        <span class=\"post-featured-img\"><img class=\"nectar-lazy wp-post-image skip-lazy\" alt=\"Die 5 besten Tools f\u00fcr YouTube-Transkripte und schwebende Untertitel (2026)\" height=\"600\" width=\"900\" data-nectar-img-src=\"https:\/\/www.transyncai.com\/wp-content\/uploads\/2026\/05\/46.png\" data-nectar-img-srcset=\"https:\/\/www.transyncai.com\/wp-content\/uploads\/2026\/05\/46.png 900w, https:\/\/www.transyncai.com\/wp-content\/uploads\/2026\/05\/46-300x200.png 300w, https:\/\/www.transyncai.com\/wp-content\/uploads\/2026\/05\/46-768x512.png 768w, https:\/\/www.transyncai.com\/wp-content\/uploads\/2026\/05\/46-18x12.png 18w\" sizes=\"(min-width: 1600px) 20vw, (min-width: 1300px) 25vw, (min-width: 1000px) 33.3vw, (min-width: 690px) 50vw, 100vw\" \/><\/span><span class=\"meta-category\"><a class=\"use-case\" href=\"https:\/\/www.transyncai.com\/de\/blog\/category\/use-case\/\">Anwendungsfall<\/a><\/span>        \n        <div class=\"article-content-wrap\">\n          \n          <div class=\"post-header\">\n            <h3 class=\"title\"><a href=\"https:\/\/www.transyncai.com\/de\/blog\/youtube-transcript-floating-subtitle-tools\/\"> Der Zuschauerleitfaden 2026: Die 5 besten YouTube-Transkriptions- und Untertitel-Tools<\/a><\/h3>\n          <\/div>\n          \n          <div class=\"excerpt\">Top 5 YouTube Transcript &amp; Floating Subtitle Tools (2026) The native youtube transcript feature is&hellip;<\/div><div class=\"grav-wrap\"><a href=\"https:\/\/www.transyncai.com\/de\/author\/jun-chen\/\"><img loading=\"lazy\" decoding=\"async\" src=\"https:\/\/www.transyncai.com\/wp-content\/uploads\/2025\/05\/Logo-final-512-100x100.png\" srcset=\"https:\/\/www.transyncai.com\/wp-content\/uploads\/2025\/05\/Logo-final-512-140x140.png 2x\" width=\"70\" height=\"70\" alt=\"Jun Chen\" class=\"avatar avatar-70 wp-user-avatar wp-user-avatar-70 photo avatar-default\" \/><\/a><div class=\"text\"><a href=\"https:\/\/www.transyncai.com\/de\/author\/jun-chen\/\" rel=\"author\">Jun Chen<\/a><span>13.05.2026<\/span><\/div><\/div>\n        <\/div><!--article-content-wrap-->\n        \n      <\/div><!--\/content-inner-->\n        \n    <\/div><!--\/post-content-->\n      \n  <\/div><!--\/inner-wrap-->\n    \n<\/article>     \n     \n<article id=\"post-3956\" class=\"masonry-blog-item post-3956 post type-post status-publish format-standard has-post-thumbnail category-use-case\">  \n    \n  <div class=\"inner-wrap animated\">\n    \n    <div class=\"post-content\">\n\n      <div class=\"content-inner\">\n        \n        <a class=\"entire-meta-link\" href=\"https:\/\/www.transyncai.com\/de\/blog\/dubbing-meaning-top-ai-voice-tools\/\"><span class=\"screen-reader-text\">Die Bedeutung von Synchronisation neu definiert: Die 5 besten KI-Sprachtools im Jahr 2026<\/span><\/a>\n        \n        <span class=\"post-featured-img\"><img class=\"nectar-lazy wp-post-image skip-lazy\" alt=\"Die Bedeutung von Synchronisation neu definiert: Die 5 besten KI-Sprachtools im Jahr 2026\" height=\"600\" width=\"900\" data-nectar-img-src=\"https:\/\/www.transyncai.com\/wp-content\/uploads\/2026\/05\/45.png\" data-nectar-img-srcset=\"https:\/\/www.transyncai.com\/wp-content\/uploads\/2026\/05\/45.png 900w, https:\/\/www.transyncai.com\/wp-content\/uploads\/2026\/05\/45-300x200.png 300w, https:\/\/www.transyncai.com\/wp-content\/uploads\/2026\/05\/45-768x512.png 768w, https:\/\/www.transyncai.com\/wp-content\/uploads\/2026\/05\/45-18x12.png 18w\" sizes=\"(min-width: 1600px) 20vw, (min-width: 1300px) 25vw, (min-width: 1000px) 33.3vw, (min-width: 690px) 50vw, 100vw\" \/><\/span><span class=\"meta-category\"><a class=\"use-case\" href=\"https:\/\/www.transyncai.com\/de\/blog\/category\/use-case\/\">Anwendungsfall<\/a><\/span>        \n        <div class=\"article-content-wrap\">\n          \n          <div class=\"post-header\">\n            <h3 class=\"title\"><a href=\"https:\/\/www.transyncai.com\/de\/blog\/dubbing-meaning-top-ai-voice-tools\/\"> Die Bedeutung von Synchronisation neu definiert: Die 5 besten KI-Sprachtools im Jahr 2026<\/a><\/h3>\n          <\/div>\n          \n          <div class=\"excerpt\">If you ask a traditional filmmaker for the dubbing meaning, they will describe a weeks-long&hellip;<\/div><div class=\"grav-wrap\"><a href=\"https:\/\/www.transyncai.com\/de\/author\/jun-chen\/\"><img loading=\"lazy\" decoding=\"async\" src=\"https:\/\/www.transyncai.com\/wp-content\/uploads\/2025\/05\/Logo-final-512-100x100.png\" srcset=\"https:\/\/www.transyncai.com\/wp-content\/uploads\/2025\/05\/Logo-final-512-140x140.png 2x\" width=\"70\" height=\"70\" alt=\"Jun Chen\" class=\"avatar avatar-70 wp-user-avatar wp-user-avatar-70 photo avatar-default\" \/><\/a><div class=\"text\"><a href=\"https:\/\/www.transyncai.com\/de\/author\/jun-chen\/\" rel=\"author\">Jun Chen<\/a><span>5. 12. 2026<\/span><\/div><\/div>\n        <\/div><!--article-content-wrap-->\n        \n      <\/div><!--\/content-inner-->\n        \n    <\/div><!--\/post-content-->\n      \n  <\/div><!--\/inner-wrap-->\n    \n<\/article>     \n     \n<article id=\"post-3950\" class=\"masonry-blog-item post-3950 post type-post status-publish format-standard has-post-thumbnail category-use-case\">  \n    \n  <div class=\"inner-wrap animated\">\n    \n    <div class=\"post-content\">\n\n      <div class=\"content-inner\">\n        \n        <a class=\"entire-meta-link\" href=\"https:\/\/www.transyncai.com\/de\/blog\/best-ai-dubbing-voice-cloning-tools\/\"><span class=\"screen-reader-text\">Der Leitfaden 2026: Die 5 besten KI-Synchronisationstools mit Stimmklonfunktion<\/span><\/a>\n        \n        <span class=\"post-featured-img\"><img class=\"nectar-lazy wp-post-image skip-lazy\" alt=\"Die 5 besten KI-Synchronisationstools mit Stimmklonfunktion im Jahr 2026\" height=\"600\" width=\"900\" data-nectar-img-src=\"https:\/\/www.transyncai.com\/wp-content\/uploads\/2026\/05\/44.png\" data-nectar-img-srcset=\"https:\/\/www.transyncai.com\/wp-content\/uploads\/2026\/05\/44.png 900w, https:\/\/www.transyncai.com\/wp-content\/uploads\/2026\/05\/44-300x200.png 300w, https:\/\/www.transyncai.com\/wp-content\/uploads\/2026\/05\/44-768x512.png 768w, https:\/\/www.transyncai.com\/wp-content\/uploads\/2026\/05\/44-18x12.png 18w\" sizes=\"(min-width: 1600px) 20vw, (min-width: 1300px) 25vw, (min-width: 1000px) 33.3vw, (min-width: 690px) 50vw, 100vw\" \/><\/span><span class=\"meta-category\"><a class=\"use-case\" href=\"https:\/\/www.transyncai.com\/de\/blog\/category\/use-case\/\">Anwendungsfall<\/a><\/span>        \n        <div class=\"article-content-wrap\">\n          \n          <div class=\"post-header\">\n            <h3 class=\"title\"><a href=\"https:\/\/www.transyncai.com\/de\/blog\/best-ai-dubbing-voice-cloning-tools\/\"> Der Leitfaden 2026: Die 5 besten KI-Synchronisationstools mit Stimmklonfunktion<\/a><\/h3>\n          <\/div>\n          \n          <div class=\"excerpt\">For technical operators, content marketers, and digital creators, scaling content across global platforms presents a&hellip;<\/div><div class=\"grav-wrap\"><a href=\"https:\/\/www.transyncai.com\/de\/author\/jun-chen\/\"><img loading=\"lazy\" decoding=\"async\" src=\"https:\/\/www.transyncai.com\/wp-content\/uploads\/2025\/05\/Logo-final-512-100x100.png\" srcset=\"https:\/\/www.transyncai.com\/wp-content\/uploads\/2025\/05\/Logo-final-512-140x140.png 2x\" width=\"70\" height=\"70\" alt=\"Jun Chen\" class=\"avatar avatar-70 wp-user-avatar wp-user-avatar-70 photo avatar-default\" \/><\/a><div class=\"text\"><a href=\"https:\/\/www.transyncai.com\/de\/author\/jun-chen\/\" rel=\"author\">Jun Chen<\/a><span>5. 12. 2026<\/span><\/div><\/div>\n        <\/div><!--article-content-wrap-->\n        \n      <\/div><!--\/content-inner-->\n        \n    <\/div><!--\/post-content-->\n      \n  <\/div><!--\/inner-wrap-->\n    \n<\/article>     \n     \n<article id=\"post-3942\" class=\"masonry-blog-item post-3942 post type-post status-publish format-standard has-post-thumbnail category-use-case\">  \n    \n  <div class=\"inner-wrap animated\">\n    \n    <div class=\"post-content\">\n\n      <div class=\"content-inner\">\n        \n        <a class=\"entire-meta-link\" href=\"https:\/\/www.transyncai.com\/de\/blog\/translate-english-to-hindi-business-tools\/\"><span class=\"screen-reader-text\">Der indische Markt-Tech-Stack 2026: Tools zur \u00dcbersetzung von Englisch nach Hindi und zur Navigation im Gesch\u00e4ftsleben<\/span><\/a>\n        \n        <span class=\"post-featured-img\"><img class=\"nectar-lazy wp-post-image skip-lazy\" alt=\"7 unverzichtbare Tools, um Englisch-Hindi zu \u00fcbersetzen und sich in Indien zurechtzufinden\" height=\"600\" width=\"900\" data-nectar-img-src=\"https:\/\/www.transyncai.com\/wp-content\/uploads\/2026\/05\/43.png\" data-nectar-img-srcset=\"https:\/\/www.transyncai.com\/wp-content\/uploads\/2026\/05\/43.png 900w, https:\/\/www.transyncai.com\/wp-content\/uploads\/2026\/05\/43-300x200.png 300w, https:\/\/www.transyncai.com\/wp-content\/uploads\/2026\/05\/43-768x512.png 768w, https:\/\/www.transyncai.com\/wp-content\/uploads\/2026\/05\/43-18x12.png 18w\" sizes=\"(min-width: 1600px) 20vw, (min-width: 1300px) 25vw, (min-width: 1000px) 33.3vw, (min-width: 690px) 50vw, 100vw\" \/><\/span><span class=\"meta-category\"><a class=\"use-case\" href=\"https:\/\/www.transyncai.com\/de\/blog\/category\/use-case\/\">Anwendungsfall<\/a><\/span>        \n        <div class=\"article-content-wrap\">\n          \n          <div class=\"post-header\">\n            <h3 class=\"title\"><a href=\"https:\/\/www.transyncai.com\/de\/blog\/translate-english-to-hindi-business-tools\/\"> Der indische Markt-Tech-Stack 2026: Tools zur \u00dcbersetzung von Englisch nach Hindi und zur Navigation im Gesch\u00e4ftsleben<\/a><\/h3>\n          <\/div>\n          \n          <div class=\"excerpt\">7 Essential Tools to Translate English to Hindi &amp; Navigate India In 2026, the Indian&hellip;<\/div><div class=\"grav-wrap\"><a href=\"https:\/\/www.transyncai.com\/de\/author\/jun-chen\/\"><img loading=\"lazy\" decoding=\"async\" src=\"https:\/\/www.transyncai.com\/wp-content\/uploads\/2025\/05\/Logo-final-512-100x100.png\" srcset=\"https:\/\/www.transyncai.com\/wp-content\/uploads\/2025\/05\/Logo-final-512-140x140.png 2x\" width=\"70\" height=\"70\" alt=\"Jun Chen\" class=\"avatar avatar-70 wp-user-avatar wp-user-avatar-70 photo avatar-default\" \/><\/a><div class=\"text\"><a href=\"https:\/\/www.transyncai.com\/de\/author\/jun-chen\/\" rel=\"author\">Jun Chen<\/a><span>5.11.2026<\/span><\/div><\/div>\n        <\/div><!--article-content-wrap-->\n        \n      <\/div><!--\/content-inner-->\n        \n    <\/div><!--\/post-content-->\n      \n  <\/div><!--\/inner-wrap-->\n    \n<\/article>    \n    <\/div><!--\/posts container-->\n    \n    <nav id=\"pagination\" role=\"navigation\" aria-label=\"Seitennummerierung Navigation\" data-is-text=\"All items loaded\"><ul class='page-numbers'>\n\t<li><span aria-current=\"page\" class=\"page-numbers current\">1<\/span><\/li>\n\t<li><a class=\"page-numbers\" href=\"https:\/\/www.transyncai.com\/de\/wp-json\/wp\/v2\/pages\/132\/page\/2\/\">2<\/a><\/li>\n\t<li><a class=\"page-numbers\" href=\"https:\/\/www.transyncai.com\/de\/wp-json\/wp\/v2\/pages\/132\/page\/3\/\">3<\/a><\/li>\n\t<li><span class=\"page-numbers dots\">\u2026<\/span><\/li>\n\t<li><a class=\"page-numbers\" href=\"https:\/\/www.transyncai.com\/de\/wp-json\/wp\/v2\/pages\/132\/page\/47\/\">47<\/a><\/li>\n\t<li><a class=\"next page-numbers\" href=\"https:\/\/www.transyncai.com\/de\/wp-json\/wp\/v2\/pages\/132\/page\/2\/\">Weiter \u00bb<\/a><\/li>\n<\/ul>\n<\/nav>  \n<\/div><!--\/post area-->\n\n  \n\n<\/div>\n\n\n\t\t\t<\/div> \n\t\t<\/div>\n\t<\/div> \n<\/div><\/div>","protected":false},"excerpt":{"rendered":"7 Essential Tools to Translate English to Hindi &amp; Navigate India In 2026, the Indian market is an undeniable economic juggernaut. With booming tech sectors in Bengaluru, manufacturing hubs in...","protected":false},"author":1,"featured_media":470,"parent":0,"menu_order":0,"comment_status":"closed","ping_status":"closed","template":"","meta":{"footnotes":""},"class_list":["post-132","page","type-page","status-publish","has-post-thumbnail"],"_links":{"self":[{"href":"https:\/\/www.transyncai.com\/de\/wp-json\/wp\/v2\/pages\/132","targetHints":{"allow":["GET"]}}],"collection":[{"href":"https:\/\/www.transyncai.com\/de\/wp-json\/wp\/v2\/pages"}],"about":[{"href":"https:\/\/www.transyncai.com\/de\/wp-json\/wp\/v2\/types\/page"}],"author":[{"embeddable":true,"href":"https:\/\/www.transyncai.com\/de\/wp-json\/wp\/v2\/users\/1"}],"replies":[{"embeddable":true,"href":"https:\/\/www.transyncai.com\/de\/wp-json\/wp\/v2\/comments?post=132"}],"version-history":[{"count":5,"href":"https:\/\/www.transyncai.com\/de\/wp-json\/wp\/v2\/pages\/132\/revisions"}],"predecessor-version":[{"id":1371,"href":"https:\/\/www.transyncai.com\/de\/wp-json\/wp\/v2\/pages\/132\/revisions\/1371"}],"wp:featuredmedia":[{"embeddable":true,"href":"https:\/\/www.transyncai.com\/de\/wp-json\/wp\/v2\/media\/470"}],"wp:attachment":[{"href":"https:\/\/www.transyncai.com\/de\/wp-json\/wp\/v2\/media?parent=132"}],"curies":[{"name":"wp","href":"https:\/\/api.w.org\/{rel}","templated":true}]}}